{"id":42502,"date":"2026-01-27T19:42:41","date_gmt":"2026-01-27T19:42:41","guid":{"rendered":"https:\/\/www.deporteseli.com\/?product=mochila-reebok"},"modified":"2026-01-27T19:42:43","modified_gmt":"2026-01-27T19:42:43","slug":"mochila-reebok","status":"publish","type":"product","link":"https:\/\/www.deporteseli.com\/?product=mochila-reebok","title":{"rendered":"MOCHILA REEBOK"},"content":{"rendered":"<p>La mochila Reebok Brooklyn Colors 21L es un art\u00edculo imprescindible para llevar tus pertenencias de forma organizada y segura.    Esta mochila de 31,5 cm x 45 cm x 15 cm est\u00e1 fabricada en poli\u00e9ster y cuenta con un compartimento principal con espacio acolchado para llevar un ordenador de hasta 15,6 pulgadas. Adem\u00e1s, incluye un bolsillo frontal y un estuche a juego para mantener el material escolar organizado.    Caracter\u00edsticas:    Dimensiones: 31,5 cm x 45 cm x 15 cm  Compartimento acolchado para ordenador de hasta 15,6 pulgadas  Bolsillo frontal y estuche a juego incluido  Espalda reforzada  Tirantes anchos, ergon\u00f3micos y acolchados  Adaptabilidad perfecta a la espalda  Confort garantizado                                                                                                                                                                                                                                                                                                                                                                                                                                                                                                                                                                                                                                                                                                                                                                                                                                                                                                                                                                                                                                        <\/p>\n","protected":false},"excerpt":{"rendered":"<p>MOCHILA REEBOK<\/p>\n","protected":false},"featured_media":56070,"template":"","meta":[],"product_brand":[],"product_cat":[401],"product_tag":[41],"class_list":{"0":"post-42502","1":"product","2":"type-product","3":"status-publish","4":"has-post-thumbnail","6":"product_cat-accesorios_mochilas","7":"product_tag-reebok","8":"pa_color-unico","9":"pa_talla-unica","10":"thunk-woo-product-list","11":"opn-qv-enable","12":"open-woo-hover-","13":"open-single-product-tab-horizontal","14":"open-shadow-","15":"open-shadow-hover-","17":"first","18":"instock","19":"shipping-taxable","20":"purchasable","21":"product-type-variable"},"jetpack_sharing_enabled":true,"_links":{"self":[{"href":"https:\/\/www.deporteseli.com\/index.php?rest_route=\/wp\/v2\/product\/42502","targetHints":{"allow":["GET"]}}],"collection":[{"href":"https:\/\/www.deporteseli.com\/index.php?rest_route=\/wp\/v2\/product"}],"about":[{"href":"https:\/\/www.deporteseli.com\/index.php?rest_route=\/wp\/v2\/types\/product"}],"wp:featuredmedia":[{"embeddable":true,"href":"https:\/\/www.deporteseli.com\/index.php?rest_route=\/wp\/v2\/media\/56070"}],"wp:attachment":[{"href":"https:\/\/www.deporteseli.com\/index.php?rest_route=%2Fwp%2Fv2%2Fmedia&parent=42502"}],"wp:term":[{"taxonomy":"product_brand","embeddable":true,"href":"https:\/\/www.deporteseli.com\/index.php?rest_route=%2Fwp%2Fv2%2Fproduct_brand&post=42502"},{"taxonomy":"product_cat","embeddable":true,"href":"https:\/\/www.deporteseli.com\/index.php?rest_route=%2Fwp%2Fv2%2Fproduct_cat&post=42502"},{"taxonomy":"product_tag","embeddable":true,"href":"https:\/\/www.deporteseli.com\/index.php?rest_route=%2Fwp%2Fv2%2Fproduct_tag&post=42502"}],"curies":[{"name":"wp","href":"https:\/\/api.w.org\/{rel}","templated":true}]}}