{"id":42496,"date":"2026-01-27T19:42:33","date_gmt":"2026-01-27T19:42:33","guid":{"rendered":"https:\/\/www.deporteseli.com\/?product=sudadera-reebok-2"},"modified":"2026-03-07T05:58:46","modified_gmt":"2026-03-07T05:58:46","slug":"sudadera-reebok-2","status":"publish","type":"product","link":"https:\/\/www.deporteseli.com\/?product=sudadera-reebok-2","title":{"rendered":"SUDADERA REEBOK"},"content":{"rendered":"<p>SUDADERA VERS\u00c1TIL CON CAPUCHA, LOGO Y BOLSILLO CANGURO    Esta sudadera con capucha es la mejor compa\u00f1era para hacer ejercicio o relajarse. Est\u00e1 confeccionada con un suave tejido polar de mezcla de algod\u00f3n, una capucha y un bolsillo canguro. Los logotipos en la parte delantera aportan el toque inconfundible de Reebok.  Informaci\u00f3n Del Producto  Negro y blanco  Tejido polar de mezcla de algod\u00f3n  Capucha  Manga larga  Logo estampado en el pecho  Bolsillo canguro en la parte delantera  Ribetes de canal\u00e9  Dobladillo recto  Ajuste holgado  ID del modelo: 100071917                                                                                                                                                                                                                                                                                                                                                                                                                                                                                                                                                                                                                                                                                                                                                                                                                                                                                                                                                                                                                                        <\/p>\n","protected":false},"excerpt":{"rendered":"<p>SUDADERA REEBOK<\/p>\n","protected":false},"featured_media":56063,"template":"","meta":[],"product_brand":[],"product_cat":[279],"product_tag":[41],"class_list":{"0":"post-42496","1":"product","2":"type-product","3":"status-publish","4":"has-post-thumbnail","6":"product_cat-mujer_textil_sudaderas","7":"product_tag-reebok","8":"pa_color-unico","9":"pa_talla-m","10":"thunk-woo-product-list","11":"opn-qv-enable","12":"open-woo-hover-","13":"open-single-product-tab-horizontal","14":"open-shadow-","15":"open-shadow-hover-","17":"first","18":"instock","19":"shipping-taxable","20":"purchasable","21":"product-type-variable"},"jetpack_sharing_enabled":true,"_links":{"self":[{"href":"https:\/\/www.deporteseli.com\/index.php?rest_route=\/wp\/v2\/product\/42496","targetHints":{"allow":["GET"]}}],"collection":[{"href":"https:\/\/www.deporteseli.com\/index.php?rest_route=\/wp\/v2\/product"}],"about":[{"href":"https:\/\/www.deporteseli.com\/index.php?rest_route=\/wp\/v2\/types\/product"}],"wp:featuredmedia":[{"embeddable":true,"href":"https:\/\/www.deporteseli.com\/index.php?rest_route=\/wp\/v2\/media\/56063"}],"wp:attachment":[{"href":"https:\/\/www.deporteseli.com\/index.php?rest_route=%2Fwp%2Fv2%2Fmedia&parent=42496"}],"wp:term":[{"taxonomy":"product_brand","embeddable":true,"href":"https:\/\/www.deporteseli.com\/index.php?rest_route=%2Fwp%2Fv2%2Fproduct_brand&post=42496"},{"taxonomy":"product_cat","embeddable":true,"href":"https:\/\/www.deporteseli.com\/index.php?rest_route=%2Fwp%2Fv2%2Fproduct_cat&post=42496"},{"taxonomy":"product_tag","embeddable":true,"href":"https:\/\/www.deporteseli.com\/index.php?rest_route=%2Fwp%2Fv2%2Fproduct_tag&post=42496"}],"curies":[{"name":"wp","href":"https:\/\/api.w.org\/{rel}","templated":true}]}}