{"id":42489,"date":"2026-01-27T19:42:23","date_gmt":"2026-01-27T19:42:23","guid":{"rendered":"https:\/\/www.deporteseli.com\/?product=malla-reebok-100037549"},"modified":"2026-03-07T05:58:39","modified_gmt":"2026-03-07T05:58:39","slug":"malla-reebok-100037549","status":"publish","type":"product","link":"https:\/\/www.deporteseli.com\/?product=malla-reebok-100037549","title":{"rendered":"MALLA REEBOK 100037549"},"content":{"rendered":"<p>LEGGINS PARA DIARIO HECHOS DE ALGOD\u00d3N RESPONSABLE    Fluye a trav\u00e9s de tu rutina de estiramiento para descansar en total comodidad. Estos leggins Reebok para mujer est\u00e1n confeccionados con algod\u00f3n el\u00e1stico que se mueve contigo a medida que te doblas y flexionas. El ajuste ce\u00f1ido posee una cinturilla el\u00e1stica que resulta c\u00f3moda desde la ma\u00f1ana hasta la noche.    Corte ce\u00f1ido dise\u00f1ado para ajustarse al cuerpo  Punto simple 93 % algod\u00f3n \/ 7 % elastano  Cinturilla el\u00e1stica  Talle medio  Pieza confeccionada con al menos un 50 % de algod\u00f3n Better Cotton procedente de la agricultura sostenible                                                                                                                                                                                                                                                                                                                                                                                                                                                                                                                                                                                                                                                                                                                                                                                                                                                                                                                                                                                                                                        <\/p>\n","protected":false},"excerpt":{"rendered":"<p>MALLA REEBOK 100037549<\/p>\n","protected":false},"featured_media":56058,"template":"","meta":[],"product_brand":[],"product_cat":[281],"product_tag":[41],"class_list":{"0":"post-42489","1":"product","2":"type-product","3":"status-publish","4":"has-post-thumbnail","6":"product_cat-mujer_textil_mallas","7":"product_tag-reebok","8":"pa_color-unico","9":"pa_talla-l","10":"thunk-woo-product-list","11":"opn-qv-enable","12":"open-woo-hover-","13":"open-single-product-tab-horizontal","14":"open-shadow-","15":"open-shadow-hover-","17":"first","18":"instock","19":"shipping-taxable","20":"purchasable","21":"product-type-variable"},"jetpack_sharing_enabled":true,"_links":{"self":[{"href":"https:\/\/www.deporteseli.com\/index.php?rest_route=\/wp\/v2\/product\/42489","targetHints":{"allow":["GET"]}}],"collection":[{"href":"https:\/\/www.deporteseli.com\/index.php?rest_route=\/wp\/v2\/product"}],"about":[{"href":"https:\/\/www.deporteseli.com\/index.php?rest_route=\/wp\/v2\/types\/product"}],"wp:featuredmedia":[{"embeddable":true,"href":"https:\/\/www.deporteseli.com\/index.php?rest_route=\/wp\/v2\/media\/56058"}],"wp:attachment":[{"href":"https:\/\/www.deporteseli.com\/index.php?rest_route=%2Fwp%2Fv2%2Fmedia&parent=42489"}],"wp:term":[{"taxonomy":"product_brand","embeddable":true,"href":"https:\/\/www.deporteseli.com\/index.php?rest_route=%2Fwp%2Fv2%2Fproduct_brand&post=42489"},{"taxonomy":"product_cat","embeddable":true,"href":"https:\/\/www.deporteseli.com\/index.php?rest_route=%2Fwp%2Fv2%2Fproduct_cat&post=42489"},{"taxonomy":"product_tag","embeddable":true,"href":"https:\/\/www.deporteseli.com\/index.php?rest_route=%2Fwp%2Fv2%2Fproduct_tag&post=42489"}],"curies":[{"name":"wp","href":"https:\/\/api.w.org\/{rel}","templated":true}]}}