{"id":42483,"date":"2026-01-27T19:42:15","date_gmt":"2026-01-27T19:42:15","guid":{"rendered":"https:\/\/www.deporteseli.com\/?product=chandal-badge-of-sport"},"modified":"2026-03-11T05:18:07","modified_gmt":"2026-03-11T05:18:07","slug":"chandal-badge-of-sport","status":"publish","type":"product","link":"https:\/\/www.deporteseli.com\/?product=chandal-badge-of-sport","title":{"rendered":"CH\u00e1NDAL BADGE OF SPORT"},"content":{"rendered":"<p>ESTILO DEPORTIVO PARA PEQUES ACTIVOS  A tus hijos les encanta ver c\u00f3mo entrenas. Este ch\u00e1ndal les inspirar\u00e1 a unirse al equipo de los que no conciben la vida sin movimiento. Las 3 bandas a lo largo de las perneras y un gran logotipo de adidas en la sudadera son el \u00faltimo empuj\u00f3n que necesitaban. \u00bfCu\u00e1l es el plan de hoy? Disfrutar durante todo el d\u00eda.    Compra nuestros productos de algod\u00f3n para apoyar un cultivo de algod\u00f3n m\u00e1s sostenible. Este producto tambi\u00e9n se ha confeccionado con material reciclado como parte de nuestro compromiso por acabar con los residuos pl\u00e1sticos  Corte cl\u00e1sico  Cuello redondo de canal\u00e9  70% algod\u00f3n \/ 30% poli\u00e9ster (reciclado)  Sudadera: pu\u00f1os y dobladillo de canal\u00e9  Pantal\u00f3n: bolsillo trasero tipo parche y tiro bajo  Pantal\u00f3n: cintura el\u00e1stica con cord\u00f3n  Better Cotton Initiative  Pantal\u00f3n: pu\u00f1os de canal\u00e9  Color del art\u00edculo: Sandy Pink \/ White  N\u00famero de art\u00edculo: IV7397                                                                                                                                                                                                                                                                                                                                                                                                                                                                                                                                                                                                                                                                                                                                                                                                                                                                                                                                                                                                                                        <\/p>\n","protected":false},"excerpt":{"rendered":"<p>CH\u00e1NDAL BADGE OF SPORT<\/p>\n","protected":false},"featured_media":56050,"template":"","meta":[],"product_brand":[],"product_cat":[380],"product_tag":[18],"class_list":{"0":"post-42483","1":"product","2":"type-product","3":"status-publish","4":"has-post-thumbnail","6":"product_cat-ninas_textil_chandals","7":"product_tag-adidas","8":"pa_color-unico","9":"pa_talla-18-meses","10":"pa_talla-103","11":"pa_talla-167","12":"thunk-woo-product-list","13":"opn-qv-enable","14":"open-woo-hover-","15":"open-single-product-tab-horizontal","16":"open-shadow-","17":"open-shadow-hover-","19":"first","20":"instock","21":"shipping-taxable","22":"purchasable","23":"product-type-variable"},"jetpack_sharing_enabled":true,"_links":{"self":[{"href":"https:\/\/www.deporteseli.com\/index.php?rest_route=\/wp\/v2\/product\/42483","targetHints":{"allow":["GET"]}}],"collection":[{"href":"https:\/\/www.deporteseli.com\/index.php?rest_route=\/wp\/v2\/product"}],"about":[{"href":"https:\/\/www.deporteseli.com\/index.php?rest_route=\/wp\/v2\/types\/product"}],"wp:featuredmedia":[{"embeddable":true,"href":"https:\/\/www.deporteseli.com\/index.php?rest_route=\/wp\/v2\/media\/56050"}],"wp:attachment":[{"href":"https:\/\/www.deporteseli.com\/index.php?rest_route=%2Fwp%2Fv2%2Fmedia&parent=42483"}],"wp:term":[{"taxonomy":"product_brand","embeddable":true,"href":"https:\/\/www.deporteseli.com\/index.php?rest_route=%2Fwp%2Fv2%2Fproduct_brand&post=42483"},{"taxonomy":"product_cat","embeddable":true,"href":"https:\/\/www.deporteseli.com\/index.php?rest_route=%2Fwp%2Fv2%2Fproduct_cat&post=42483"},{"taxonomy":"product_tag","embeddable":true,"href":"https:\/\/www.deporteseli.com\/index.php?rest_route=%2Fwp%2Fv2%2Fproduct_tag&post=42483"}],"curies":[{"name":"wp","href":"https:\/\/api.w.org\/{rel}","templated":true}]}}