{"id":42481,"date":"2026-01-27T19:42:12","date_gmt":"2026-01-27T19:42:12","guid":{"rendered":"https:\/\/www.deporteseli.com\/?product=camiseta-segunda-equipacion-real-madrid-24-25"},"modified":"2026-01-27T19:42:14","modified_gmt":"2026-01-27T19:42:14","slug":"camiseta-segunda-equipacion-real-madrid-24-25","status":"publish","type":"product","link":"https:\/\/www.deporteseli.com\/?product=camiseta-segunda-equipacion-real-madrid-24-25","title":{"rendered":"CAMISETA SEGUNDA EQUIPACI\u00f3N REAL MADRID 24\/25"},"content":{"rendered":"<p>EL SELLO DE UN EQUIPO CAMPE\u00d3N  Llega una nueva generaci\u00f3n de futbolistas. Esta camiseta adidas de la segunda equipaci\u00f3n del Real Madrid para j\u00f3venes hinchas luce un llamativo fondo de color naranja y un dise\u00f1o abstracto de inspiraci\u00f3n estelar. Combina detalles en azul oscuro y el escudo del club bordado. La tecnolog\u00eda transpirable AEROREADY mantiene la piel seca para que animes a tu equipo sin descanso. Este producto se ha fabricado con un 100% de materiales reciclados. Utilizando materiales reciclados, reducimos los residuos, nuestra dependencia de los recursos finitos y la huella que generan los productos que fabricamos.  Corte cl\u00e1sico  Cuello redondo  100% poli\u00e9ster (reciclado)  AEROREADY  Inserciones laterales de malla  Escudo del Real Madrid bordado  Color del art\u00edculo: Crew Orange  N\u00famero de art\u00edculo: IT5177                                                                                                                                                                                                                                                                                                                                                                                                                                                                                                                                                                                                                                                                                                                                                                                                                                                                                                                                                                                                                                        <\/p>\n","protected":false},"excerpt":{"rendered":"<p>CAMISETA SEGUNDA EQUIPACI\u00f3N REAL MADRID 24\/25<\/p>\n","protected":false},"featured_media":56047,"template":"","meta":[],"product_brand":[],"product_cat":[296],"product_tag":[18],"class_list":{"0":"post-42481","1":"product","2":"type-product","3":"status-publish","4":"has-post-thumbnail","6":"product_cat-nino_textil_camisetas","7":"product_tag-adidas","8":"pa_color-unico","9":"pa_talla-t-16","10":"thunk-woo-product-list","11":"opn-qv-enable","12":"open-woo-hover-","13":"open-single-product-tab-horizontal","14":"open-shadow-","15":"open-shadow-hover-","17":"first","18":"instock","19":"sale","20":"shipping-taxable","21":"purchasable","22":"product-type-variable"},"jetpack_sharing_enabled":true,"_links":{"self":[{"href":"https:\/\/www.deporteseli.com\/index.php?rest_route=\/wp\/v2\/product\/42481","targetHints":{"allow":["GET"]}}],"collection":[{"href":"https:\/\/www.deporteseli.com\/index.php?rest_route=\/wp\/v2\/product"}],"about":[{"href":"https:\/\/www.deporteseli.com\/index.php?rest_route=\/wp\/v2\/types\/product"}],"wp:featuredmedia":[{"embeddable":true,"href":"https:\/\/www.deporteseli.com\/index.php?rest_route=\/wp\/v2\/media\/56047"}],"wp:attachment":[{"href":"https:\/\/www.deporteseli.com\/index.php?rest_route=%2Fwp%2Fv2%2Fmedia&parent=42481"}],"wp:term":[{"taxonomy":"product_brand","embeddable":true,"href":"https:\/\/www.deporteseli.com\/index.php?rest_route=%2Fwp%2Fv2%2Fproduct_brand&post=42481"},{"taxonomy":"product_cat","embeddable":true,"href":"https:\/\/www.deporteseli.com\/index.php?rest_route=%2Fwp%2Fv2%2Fproduct_cat&post=42481"},{"taxonomy":"product_tag","embeddable":true,"href":"https:\/\/www.deporteseli.com\/index.php?rest_route=%2Fwp%2Fv2%2Fproduct_tag&post=42481"}],"curies":[{"name":"wp","href":"https:\/\/api.w.org\/{rel}","templated":true}]}}