{"id":42479,"date":"2026-01-27T19:42:09","date_gmt":"2026-01-27T19:42:09","guid":{"rendered":"https:\/\/www.deporteseli.com\/?product=cholas-fila-slippers"},"modified":"2026-01-27T19:42:11","modified_gmt":"2026-01-27T19:42:11","slug":"cholas-fila-slippers","status":"publish","type":"product","link":"https:\/\/www.deporteseli.com\/?product=cholas-fila-slippers","title":{"rendered":"CHOLAS FILA SLIPPERS"},"content":{"rendered":"<p>Informaci\u00f3n sobre el producto  Material y cuidado  Plantilla: material sint\u00e9tico  Interior: textil sint\u00e9tico  Parte superior: Sint\u00e9tico\/-Sint\u00e9tico de calidad  Forro: Duro  Suela: material de alta calidad  Detalles del producto  Marca: Fila  Modelo: Slippers FTS24110  Index: 0000304213694                                                                                                                                                                                                                                                                                                                                                                                                                                                                                                                                                                                                                                                                                                                                                                                                                                                                                                                                                                                                                                        <\/p>\n","protected":false},"excerpt":{"rendered":"<p>CHOLAS FILA SLIPPERS<\/p>\n","protected":false},"featured_media":56044,"template":"","meta":[],"product_brand":[],"product_cat":[291],"product_tag":[46],"class_list":{"0":"post-42479","1":"product","2":"type-product","3":"status-publish","4":"has-post-thumbnail","6":"product_cat-mujer_calzado_cholas","7":"product_tag-fila","8":"pa_color-unico","9":"pa_talla-151","10":"thunk-woo-product-list","11":"opn-qv-enable","12":"open-woo-hover-","13":"open-single-product-tab-horizontal","14":"open-shadow-","15":"open-shadow-hover-","17":"first","18":"instock","19":"shipping-taxable","20":"purchasable","21":"product-type-variable"},"jetpack_sharing_enabled":true,"_links":{"self":[{"href":"https:\/\/www.deporteseli.com\/index.php?rest_route=\/wp\/v2\/product\/42479","targetHints":{"allow":["GET"]}}],"collection":[{"href":"https:\/\/www.deporteseli.com\/index.php?rest_route=\/wp\/v2\/product"}],"about":[{"href":"https:\/\/www.deporteseli.com\/index.php?rest_route=\/wp\/v2\/types\/product"}],"wp:featuredmedia":[{"embeddable":true,"href":"https:\/\/www.deporteseli.com\/index.php?rest_route=\/wp\/v2\/media\/56044"}],"wp:attachment":[{"href":"https:\/\/www.deporteseli.com\/index.php?rest_route=%2Fwp%2Fv2%2Fmedia&parent=42479"}],"wp:term":[{"taxonomy":"product_brand","embeddable":true,"href":"https:\/\/www.deporteseli.com\/index.php?rest_route=%2Fwp%2Fv2%2Fproduct_brand&post=42479"},{"taxonomy":"product_cat","embeddable":true,"href":"https:\/\/www.deporteseli.com\/index.php?rest_route=%2Fwp%2Fv2%2Fproduct_cat&post=42479"},{"taxonomy":"product_tag","embeddable":true,"href":"https:\/\/www.deporteseli.com\/index.php?rest_route=%2Fwp%2Fv2%2Fproduct_tag&post=42479"}],"curies":[{"name":"wp","href":"https:\/\/api.w.org\/{rel}","templated":true}]}}