{"id":42474,"date":"2026-01-27T19:42:02","date_gmt":"2026-01-27T19:42:02","guid":{"rendered":"https:\/\/www.deporteseli.com\/?product=botas-joma-turf-toledo-jr2403"},"modified":"2026-03-05T05:18:21","modified_gmt":"2026-03-05T05:18:21","slug":"botas-joma-turf-toledo-jr2403","status":"publish","type":"product","link":"https:\/\/www.deporteseli.com\/?product=botas-joma-turf-toledo-jr2403","title":{"rendered":"BOTAS JOMA TURF TOLEDO JR2403"},"content":{"rendered":"<p>Descripci\u00f3n  Las Botas de F\u00fatbol Joma TOJS2403TF son ideales para los peque\u00f1os futbolistas que buscan confort y estilo. Con un corte de piel sint\u00e9tica, estas botas aseguran una mayor durabilidad y un mejor ajuste al pie.    La suela con tacos proporciona un excelente agarre en el campo, favoreciendo la velocidad y maniobrabilidad durante el juego. Disponibles en un atractivo color marino, son perfectas tanto para ni\u00f1os como para ni\u00f1as.    Dise\u00f1adas especialmente para la pr\u00e1ctica del f\u00fatbol infantil, las Joma Toledo 2403 son la elecci\u00f3n perfecta para iniciar una emocionante aventura deportiva.  Haz que tus peque\u00f1os se destaquen en la cancha!    No te pierdas la oportunidad de equipar a tus hijos con la mejor calidad y rendimiento para su deporte favorito.    Caracter\u00edsticas  Corte de piel sint\u00e9tica  Suela con tacos                                                                                                                                                                                                                                                                                                                                                                                                                                                                                                                                                                                                                                                                                                                                                                                                                                                                                                                                                                                                                                        <\/p>\n","protected":false},"excerpt":{"rendered":"<p>BOTAS JOMA TURF TOLEDO JR2403<\/p>\n","protected":false},"featured_media":56041,"template":"","meta":[],"product_brand":[],"product_cat":[318],"product_tag":[31],"class_list":{"0":"post-42474","1":"product","2":"type-product","3":"status-publish","4":"has-post-thumbnail","6":"product_cat-deportes_futbol_botas","7":"product_tag-joma","8":"pa_color-marino","9":"pa_talla-125","10":"pa_talla-141","11":"pa_talla-143","12":"pa_talla-145","13":"thunk-woo-product-list","14":"opn-qv-enable","15":"open-woo-hover-","16":"open-single-product-tab-horizontal","17":"open-shadow-","18":"open-shadow-hover-","20":"first","21":"instock","22":"sale","23":"shipping-taxable","24":"purchasable","25":"product-type-variable"},"jetpack_sharing_enabled":true,"_links":{"self":[{"href":"https:\/\/www.deporteseli.com\/index.php?rest_route=\/wp\/v2\/product\/42474","targetHints":{"allow":["GET"]}}],"collection":[{"href":"https:\/\/www.deporteseli.com\/index.php?rest_route=\/wp\/v2\/product"}],"about":[{"href":"https:\/\/www.deporteseli.com\/index.php?rest_route=\/wp\/v2\/types\/product"}],"wp:featuredmedia":[{"embeddable":true,"href":"https:\/\/www.deporteseli.com\/index.php?rest_route=\/wp\/v2\/media\/56041"}],"wp:attachment":[{"href":"https:\/\/www.deporteseli.com\/index.php?rest_route=%2Fwp%2Fv2%2Fmedia&parent=42474"}],"wp:term":[{"taxonomy":"product_brand","embeddable":true,"href":"https:\/\/www.deporteseli.com\/index.php?rest_route=%2Fwp%2Fv2%2Fproduct_brand&post=42474"},{"taxonomy":"product_cat","embeddable":true,"href":"https:\/\/www.deporteseli.com\/index.php?rest_route=%2Fwp%2Fv2%2Fproduct_cat&post=42474"},{"taxonomy":"product_tag","embeddable":true,"href":"https:\/\/www.deporteseli.com\/index.php?rest_route=%2Fwp%2Fv2%2Fproduct_tag&post=42474"}],"curies":[{"name":"wp","href":"https:\/\/api.w.org\/{rel}","templated":true}]}}