{"id":42468,"date":"2026-01-27T19:41:54","date_gmt":"2026-01-27T19:41:54","guid":{"rendered":"https:\/\/www.deporteseli.com\/?product=botas-joma-propulsion"},"modified":"2026-01-27T19:41:56","modified_gmt":"2026-01-27T19:41:56","slug":"botas-joma-propulsion","status":"publish","type":"product","link":"https:\/\/www.deporteseli.com\/?product=botas-joma-propulsion","title":{"rendered":"BOTAS JOMA PROPULSION"},"content":{"rendered":"<p>Descripci\u00f3n  Las Botas de F\u00fatbol Joma Propulsion Cup 2401 son ideales para jugadores que buscan comodidad y rendimiento en el campo.    Con un corte de microfibra de una sola pieza, estas botas garantizan un ajuste perfecto, mientras que su suela de fibra sint\u00e9tica cromada proporciona durabilidad y tracci\u00f3n en terreno firme.    El contrafuerte EXO Counter a\u00f1ade soporte adicional en el tal\u00f3n, y el cuello tipo calcet\u00edn SOCK SYSTEM asegura que el pie se mantenga en su lugar durante el juego, maximizando la comodidad.    El dise\u00f1o en negro y turquesa no solo es atractivo, sino que tambi\u00e9n te brinda la confianza necesaria para destacar en el campo.    Optimiza tu rendimiento deportivo con las botas Joma Propulsion Cup 2401, perfectas para cualquier jugador que desee mejorar su t\u00e9cnica y estilo de juego.  Prep\u00e1rate para dejar huella en cada partido!    Caracter\u00edsticas  Corte de microfibra de una sola pieza ONE PIECE  Suela de fibra sint\u00e9tica cromada  Contrafuerte en trasera EXO Counter  Cuello tipo calcet\u00edn SOCK SYSTEM                                                                                                                                                                                                                                                                                                                                                                                                                                                                                                                                                                                                                                                                                                                                                                                                                                                                                                                                                                                                                                        <\/p>\n","protected":false},"excerpt":{"rendered":"<p>BOTAS JOMA PROPULSION<\/p>\n","protected":false},"featured_media":56032,"template":"","meta":[],"product_brand":[],"product_cat":[318],"product_tag":[31],"class_list":{"0":"post-42468","1":"product","2":"type-product","3":"status-publish","4":"has-post-thumbnail","6":"product_cat-deportes_futbol_botas","7":"product_tag-joma","8":"pa_color-negro","9":"pa_talla-149","10":"thunk-woo-product-list","11":"opn-qv-enable","12":"open-woo-hover-","13":"open-single-product-tab-horizontal","14":"open-shadow-","15":"open-shadow-hover-","17":"first","18":"instock","19":"sale","20":"shipping-taxable","21":"purchasable","22":"product-type-variable"},"jetpack_sharing_enabled":true,"_links":{"self":[{"href":"https:\/\/www.deporteseli.com\/index.php?rest_route=\/wp\/v2\/product\/42468","targetHints":{"allow":["GET"]}}],"collection":[{"href":"https:\/\/www.deporteseli.com\/index.php?rest_route=\/wp\/v2\/product"}],"about":[{"href":"https:\/\/www.deporteseli.com\/index.php?rest_route=\/wp\/v2\/types\/product"}],"wp:featuredmedia":[{"embeddable":true,"href":"https:\/\/www.deporteseli.com\/index.php?rest_route=\/wp\/v2\/media\/56032"}],"wp:attachment":[{"href":"https:\/\/www.deporteseli.com\/index.php?rest_route=%2Fwp%2Fv2%2Fmedia&parent=42468"}],"wp:term":[{"taxonomy":"product_brand","embeddable":true,"href":"https:\/\/www.deporteseli.com\/index.php?rest_route=%2Fwp%2Fv2%2Fproduct_brand&post=42468"},{"taxonomy":"product_cat","embeddable":true,"href":"https:\/\/www.deporteseli.com\/index.php?rest_route=%2Fwp%2Fv2%2Fproduct_cat&post=42468"},{"taxonomy":"product_tag","embeddable":true,"href":"https:\/\/www.deporteseli.com\/index.php?rest_route=%2Fwp%2Fv2%2Fproduct_tag&post=42468"}],"curies":[{"name":"wp","href":"https:\/\/api.w.org\/{rel}","templated":true}]}}