{"id":42458,"date":"2026-01-27T19:41:41","date_gmt":"2026-01-27T19:41:41","guid":{"rendered":"https:\/\/www.deporteseli.com\/?product=asics-jolt-4"},"modified":"2026-01-27T19:41:42","modified_gmt":"2026-01-27T19:41:42","slug":"asics-jolt-4","status":"publish","type":"product","link":"https:\/\/www.deporteseli.com\/?product=asics-jolt-4","title":{"rendered":"ASICS JOLT 4"},"content":{"rendered":"<p>Estilo multifuncional dise\u00f1ado para el uso diario. Con un ajuste c\u00f3modo en la parte delantera del pie, este zapato se complementa con capas superpuestas cosidas para mejorar el soporte en la parte superior.    Las capas inferiores de malla ayudan a brindar un mejor flujo de aire para mantener los pies frescos mientras que la puntera cosida y la suela exterior de goma s\u00f3lida aumentan la durabilidad para durar m\u00e1s.    Su cierre con cordones el\u00e1sticos y velcro les resultar\u00e1 muy c\u00f3modo.    ZAPATILLAS RUNNING    Zapatillas de ni\u00f1o  Parte superior de malla transpirable  Capas superpuestas de cuero sint\u00e9tico de apoyo  Amortiguaci\u00f3n AMPLIFOAM  Cierre con cordones el\u00e1sticos y velcro                                                                                                                                                                                                                                                                                                                                                                                                                                                                                                                                                                                                                                                                                                                                                                                                                                                                                                                                                                                                                                        <\/p>\n","protected":false},"excerpt":{"rendered":"<p>ASICS JOLT 4<\/p>\n","protected":false},"featured_media":56021,"template":"","meta":[],"product_brand":[],"product_cat":[308],"product_tag":[19],"class_list":{"0":"post-42458","1":"product","2":"type-product","3":"status-publish","4":"has-post-thumbnail","6":"product_cat-nino_calzado_running","7":"product_tag-asics","8":"pa_color-unico","9":"pa_talla-129","10":"thunk-woo-product-list","11":"opn-qv-enable","12":"open-woo-hover-","13":"open-single-product-tab-horizontal","14":"open-shadow-","15":"open-shadow-hover-","17":"first","18":"instock","19":"sale","20":"shipping-taxable","21":"purchasable","22":"product-type-variable"},"jetpack_sharing_enabled":true,"_links":{"self":[{"href":"https:\/\/www.deporteseli.com\/index.php?rest_route=\/wp\/v2\/product\/42458","targetHints":{"allow":["GET"]}}],"collection":[{"href":"https:\/\/www.deporteseli.com\/index.php?rest_route=\/wp\/v2\/product"}],"about":[{"href":"https:\/\/www.deporteseli.com\/index.php?rest_route=\/wp\/v2\/types\/product"}],"wp:featuredmedia":[{"embeddable":true,"href":"https:\/\/www.deporteseli.com\/index.php?rest_route=\/wp\/v2\/media\/56021"}],"wp:attachment":[{"href":"https:\/\/www.deporteseli.com\/index.php?rest_route=%2Fwp%2Fv2%2Fmedia&parent=42458"}],"wp:term":[{"taxonomy":"product_brand","embeddable":true,"href":"https:\/\/www.deporteseli.com\/index.php?rest_route=%2Fwp%2Fv2%2Fproduct_brand&post=42458"},{"taxonomy":"product_cat","embeddable":true,"href":"https:\/\/www.deporteseli.com\/index.php?rest_route=%2Fwp%2Fv2%2Fproduct_cat&post=42458"},{"taxonomy":"product_tag","embeddable":true,"href":"https:\/\/www.deporteseli.com\/index.php?rest_route=%2Fwp%2Fv2%2Fproduct_tag&post=42458"}],"curies":[{"name":"wp","href":"https:\/\/api.w.org\/{rel}","templated":true}]}}