{"id":42453,"date":"2026-01-27T19:41:34","date_gmt":"2026-01-27T19:41:34","guid":{"rendered":"https:\/\/www.deporteseli.com\/?product=zapatilla-run-60s-3-0"},"modified":"2026-02-27T05:17:57","modified_gmt":"2026-02-27T05:17:57","slug":"zapatilla-run-60s-3-0","status":"publish","type":"product","link":"https:\/\/www.deporteseli.com\/?product=zapatilla-run-60s-3-0","title":{"rendered":"ZAPATILLA RUN 60S 3.0"},"content":{"rendered":"<p>IDEAL PARA UN ESTILO DE VIDA TREPIDANTE  Nacida para la velocidad. Redise\u00f1ada para el d\u00eda a d\u00eda. Esta zapatilla adidas traslada a la calle el estilo del running con un empeine ligero que te permite sumar kil\u00f3metros con comodidad. La mediasuela de EVA proporciona una amortiguaci\u00f3n excelente y una \u00f3ptima absorci\u00f3n de los impactos. La suela de goma te garantiza un gran agarre y te impulsa hacia adelante.  Horma cl\u00e1sica  Cierre de cordones  Empeine textil  Forro textil  Mediasuela de EVA  Suela de goma  Contiene al menos un 20% de material reciclado  Color del art\u00edculo: Grey Three \/ Core White \/ Grey One  N\u00famero de art\u00edculo: IE3829                                                                                                                                                                                                                                                                                                                                                                                                                                                                                                                                                                                                                                                                                                                                                                                                                                                                                                                                                                                                                                        <\/p>\n","protected":false},"excerpt":{"rendered":"<p>ZAPATILLA RUN 60S 3.0<\/p>\n","protected":false},"featured_media":56011,"template":"","meta":[],"product_brand":[],"product_cat":[261],"product_tag":[18],"class_list":{"0":"post-42453","1":"product","2":"type-product","3":"status-publish","4":"has-post-thumbnail","6":"product_cat-hombre_calzado_casual","7":"product_tag-adidas","8":"pa_color-unico","9":"pa_talla-43-5","10":"thunk-woo-product-list","11":"opn-qv-enable","12":"open-woo-hover-","13":"open-single-product-tab-horizontal","14":"open-shadow-","15":"open-shadow-hover-","17":"first","18":"instock","19":"sale","20":"shipping-taxable","21":"purchasable","22":"product-type-variable"},"jetpack_sharing_enabled":true,"_links":{"self":[{"href":"https:\/\/www.deporteseli.com\/index.php?rest_route=\/wp\/v2\/product\/42453","targetHints":{"allow":["GET"]}}],"collection":[{"href":"https:\/\/www.deporteseli.com\/index.php?rest_route=\/wp\/v2\/product"}],"about":[{"href":"https:\/\/www.deporteseli.com\/index.php?rest_route=\/wp\/v2\/types\/product"}],"wp:featuredmedia":[{"embeddable":true,"href":"https:\/\/www.deporteseli.com\/index.php?rest_route=\/wp\/v2\/media\/56011"}],"wp:attachment":[{"href":"https:\/\/www.deporteseli.com\/index.php?rest_route=%2Fwp%2Fv2%2Fmedia&parent=42453"}],"wp:term":[{"taxonomy":"product_brand","embeddable":true,"href":"https:\/\/www.deporteseli.com\/index.php?rest_route=%2Fwp%2Fv2%2Fproduct_brand&post=42453"},{"taxonomy":"product_cat","embeddable":true,"href":"https:\/\/www.deporteseli.com\/index.php?rest_route=%2Fwp%2Fv2%2Fproduct_cat&post=42453"},{"taxonomy":"product_tag","embeddable":true,"href":"https:\/\/www.deporteseli.com\/index.php?rest_route=%2Fwp%2Fv2%2Fproduct_tag&post=42453"}],"curies":[{"name":"wp","href":"https:\/\/api.w.org\/{rel}","templated":true}]}}