{"id":42443,"date":"2026-01-27T19:41:20","date_gmt":"2026-01-27T19:41:20","guid":{"rendered":"https:\/\/www.deporteseli.com\/?product=zapatilla-grand-court-2-0"},"modified":"2026-01-27T19:41:27","modified_gmt":"2026-01-27T19:41:27","slug":"zapatilla-grand-court-2-0","status":"publish","type":"product","link":"https:\/\/www.deporteseli.com\/?product=zapatilla-grand-court-2-0","title":{"rendered":"ZAPATILLA GRAND COURT 2.0"},"content":{"rendered":"<p>LLENA DE CONFORT SU D\u00cdA A D\u00cdA  Si tu peque pudiera hablar, te dir\u00eda cu\u00e1nto le encanta esta zapatilla Grand Court de adidas. Las correas autoadherentes te permiten calzarle y descalzarle f\u00e1cilmente, mientras que la suela de EVA con efecto burbuja le ofrece una pisada m\u00e1s c\u00f3moda. Ya sea para gatear o dar sus primeros pasos, sus divertidos colores y las cl\u00e1sicas 3 bandas le animar\u00e1n a jugar durante todo el d\u00eda.    Este producto contiene al menos un 20% de materiales reciclados. Utilizando materiales reciclados, reducimos los residuos, nuestra dependencia de los recursos finitos y la huella que generan los productos que fabricamos.  Horma cl\u00e1sica  Cierre autoadherente  Parte superior de piel sint\u00e9tica  Forro textil  Suela y mediasuela de EVA  Suela sint\u00e9tica  Contiene al menos un 20% de material reciclado  Color del art\u00edculo: Cloud White \/ Matte Silver \/ Cloud White  N\u00famero de art\u00edculo: ID5274                                                                                                                                                                                                                                                                                                                                                                                                                                                                                                                                                                                                                                                                                                                                                                                                                                                                                                                                                                                                                                        <\/p>\n","protected":false},"excerpt":{"rendered":"<p>ZAPATILLA GRAND COURT 2.0<\/p>\n","protected":false},"featured_media":56000,"template":"","meta":[],"product_brand":[],"product_cat":[392],"product_tag":[18],"class_list":{"0":"post-42443","1":"product","2":"type-product","3":"status-publish","4":"has-post-thumbnail","6":"product_cat-ninas_calzado_casual","7":"product_tag-adidas","8":"pa_color-unico","9":"pa_talla-119","10":"pa_talla-121","11":"pa_talla-123","12":"pa_talla-t-21","13":"thunk-woo-product-list","14":"opn-qv-enable","15":"open-woo-hover-","16":"open-single-product-tab-horizontal","17":"open-shadow-","18":"open-shadow-hover-","20":"first","21":"instock","22":"shipping-taxable","23":"purchasable","24":"product-type-variable"},"jetpack_sharing_enabled":true,"_links":{"self":[{"href":"https:\/\/www.deporteseli.com\/index.php?rest_route=\/wp\/v2\/product\/42443","targetHints":{"allow":["GET"]}}],"collection":[{"href":"https:\/\/www.deporteseli.com\/index.php?rest_route=\/wp\/v2\/product"}],"about":[{"href":"https:\/\/www.deporteseli.com\/index.php?rest_route=\/wp\/v2\/types\/product"}],"wp:featuredmedia":[{"embeddable":true,"href":"https:\/\/www.deporteseli.com\/index.php?rest_route=\/wp\/v2\/media\/56000"}],"wp:attachment":[{"href":"https:\/\/www.deporteseli.com\/index.php?rest_route=%2Fwp%2Fv2%2Fmedia&parent=42443"}],"wp:term":[{"taxonomy":"product_brand","embeddable":true,"href":"https:\/\/www.deporteseli.com\/index.php?rest_route=%2Fwp%2Fv2%2Fproduct_brand&post=42443"},{"taxonomy":"product_cat","embeddable":true,"href":"https:\/\/www.deporteseli.com\/index.php?rest_route=%2Fwp%2Fv2%2Fproduct_cat&post=42443"},{"taxonomy":"product_tag","embeddable":true,"href":"https:\/\/www.deporteseli.com\/index.php?rest_route=%2Fwp%2Fv2%2Fproduct_tag&post=42443"}],"curies":[{"name":"wp","href":"https:\/\/api.w.org\/{rel}","templated":true}]}}