{"id":42437,"date":"2026-01-27T19:41:08","date_gmt":"2026-01-27T19:41:08","guid":{"rendered":"https:\/\/www.deporteseli.com\/?product=zapatilla-under-armour-3027007"},"modified":"2026-02-16T07:50:53","modified_gmt":"2026-02-16T07:50:53","slug":"zapatilla-under-armour-3027007","status":"publish","type":"product","link":"https:\/\/www.deporteseli.com\/?product=zapatilla-under-armour-3027007","title":{"rendered":"ZAPATILLA UNDER ARMOUR 3027007"},"content":{"rendered":"<p>Estas zapatillas se sentir\u00e1n acolchados y c\u00f3modos, pero tambi\u00e9n ligeros y transpirables. Porque cuando nunca bajas el ritmo, eso es lo que necesitas. Parte superior de malla transpirable con superposiciones sint\u00e9ticas para mayor estructura y soporte. Amortiguaci\u00f3n mejorada alrededor del tobillo para mayor comodidad. La plantilla Deluxe Comfort System se amolda a tu pie para brindar m\u00e1xima comodidad al pisar. La entresuela Charged Cushioning\u00ae brinda comodidad durante todo el d\u00eda con capacidad de respuesta y durabilidad. La suela exterior de goma duradera brinda tracci\u00f3n y durabilidad con flexibilidad donde la necesita para despegar.                                                                                                                                                                                                                                                                                                                                                                                                                                                                                                                                                                                                                                                                                                                                                                                                                                                                                                                                                                                                                                        <\/p>\n","protected":false},"excerpt":{"rendered":"<p>ZAPATILLA UNDER ARMOUR 3027007<\/p>\n","protected":false},"featured_media":55996,"template":"","meta":[],"product_brand":[],"product_cat":[285],"product_tag":[81],"class_list":{"0":"post-42437","1":"product","2":"type-product","3":"status-publish","4":"has-post-thumbnail","6":"product_cat-mujer_calzado_running","7":"product_tag-under_armour","8":"pa_color-unico","9":"pa_talla-36-5","10":"pa_talla-37-5","11":"pa_talla-145","12":"pa_talla-147","13":"pa_talla-149","14":"thunk-woo-product-list","15":"opn-qv-enable","16":"open-woo-hover-","17":"open-single-product-tab-horizontal","18":"open-shadow-","19":"open-shadow-hover-","21":"first","22":"instock","23":"sale","24":"shipping-taxable","25":"purchasable","26":"product-type-variable"},"jetpack_sharing_enabled":true,"_links":{"self":[{"href":"https:\/\/www.deporteseli.com\/index.php?rest_route=\/wp\/v2\/product\/42437","targetHints":{"allow":["GET"]}}],"collection":[{"href":"https:\/\/www.deporteseli.com\/index.php?rest_route=\/wp\/v2\/product"}],"about":[{"href":"https:\/\/www.deporteseli.com\/index.php?rest_route=\/wp\/v2\/types\/product"}],"wp:featuredmedia":[{"embeddable":true,"href":"https:\/\/www.deporteseli.com\/index.php?rest_route=\/wp\/v2\/media\/55996"}],"wp:attachment":[{"href":"https:\/\/www.deporteseli.com\/index.php?rest_route=%2Fwp%2Fv2%2Fmedia&parent=42437"}],"wp:term":[{"taxonomy":"product_brand","embeddable":true,"href":"https:\/\/www.deporteseli.com\/index.php?rest_route=%2Fwp%2Fv2%2Fproduct_brand&post=42437"},{"taxonomy":"product_cat","embeddable":true,"href":"https:\/\/www.deporteseli.com\/index.php?rest_route=%2Fwp%2Fv2%2Fproduct_cat&post=42437"},{"taxonomy":"product_tag","embeddable":true,"href":"https:\/\/www.deporteseli.com\/index.php?rest_route=%2Fwp%2Fv2%2Fproduct_tag&post=42437"}],"curies":[{"name":"wp","href":"https:\/\/api.w.org\/{rel}","templated":true}]}}