{"id":42429,"date":"2026-01-27T19:40:54","date_gmt":"2026-01-27T19:40:54","guid":{"rendered":"https:\/\/www.deporteseli.com\/?product=zapatilla-under-armour-3026998"},"modified":"2026-01-27T19:40:58","modified_gmt":"2026-01-27T19:40:58","slug":"zapatilla-under-armour-3026998","status":"publish","type":"product","link":"https:\/\/www.deporteseli.com\/?product=zapatilla-under-armour-3026998","title":{"rendered":"ZAPATILLA UNDER ARMOUR 3026998"},"content":{"rendered":"<p>Descripci\u00f3n del producto  Hemos combinado una malla ligera y transpirable con nuestra mediasuela Charged Cushioning\u00ae para garantizar la m\u00e1xima reactividad y absorci\u00f3n de impactos, adem\u00e1s de una sensaci\u00f3n de ajuste que te permitir\u00e1 correr sin l\u00edmites.  Parte superior completa de malla que proporciona transpirabilidad, ligereza y un ajuste ce\u00f1ido  Plantilla con sistema de comodidad superior que se adapta al pie  Mediasuela Charged Cushioning\u00ae que ofrece reactividad, durabilidad y comodidad durante todo el d\u00eda  Suela exterior de goma duradera que proporciona tracci\u00f3n, resistencia y flexibilidad donde las necesitas durante el despegue  N\u00fam. de producto: 3026998  Compensaci\u00f3n: 8 mm  Peso: 265 g  Tipo de cordones: lazada est\u00e1ndar                                                                                                                                                                                                                                                                                                                                                                                                                                                                                                                                                                                                                                                                                                                                                                                                                                                                                                                                                                                                                                        <\/p>\n","protected":false},"excerpt":{"rendered":"<p>ZAPATILLA UNDER ARMOUR 3026998<\/p>\n","protected":false},"featured_media":55987,"template":"","meta":[],"product_brand":[],"product_cat":[259],"product_tag":[81],"class_list":{"0":"post-42429","1":"product","2":"type-product","3":"status-publish","4":"has-post-thumbnail","6":"product_cat-hombre_calzado_running","7":"product_tag-under_armour","8":"pa_color-unico","9":"pa_talla-42-5","10":"pa_talla-155","11":"thunk-woo-product-list","12":"opn-qv-enable","13":"open-woo-hover-","14":"open-single-product-tab-horizontal","15":"open-shadow-","16":"open-shadow-hover-","18":"first","19":"instock","20":"sale","21":"shipping-taxable","22":"purchasable","23":"product-type-variable"},"jetpack_sharing_enabled":true,"_links":{"self":[{"href":"https:\/\/www.deporteseli.com\/index.php?rest_route=\/wp\/v2\/product\/42429","targetHints":{"allow":["GET"]}}],"collection":[{"href":"https:\/\/www.deporteseli.com\/index.php?rest_route=\/wp\/v2\/product"}],"about":[{"href":"https:\/\/www.deporteseli.com\/index.php?rest_route=\/wp\/v2\/types\/product"}],"wp:featuredmedia":[{"embeddable":true,"href":"https:\/\/www.deporteseli.com\/index.php?rest_route=\/wp\/v2\/media\/55987"}],"wp:attachment":[{"href":"https:\/\/www.deporteseli.com\/index.php?rest_route=%2Fwp%2Fv2%2Fmedia&parent=42429"}],"wp:term":[{"taxonomy":"product_brand","embeddable":true,"href":"https:\/\/www.deporteseli.com\/index.php?rest_route=%2Fwp%2Fv2%2Fproduct_brand&post=42429"},{"taxonomy":"product_cat","embeddable":true,"href":"https:\/\/www.deporteseli.com\/index.php?rest_route=%2Fwp%2Fv2%2Fproduct_cat&post=42429"},{"taxonomy":"product_tag","embeddable":true,"href":"https:\/\/www.deporteseli.com\/index.php?rest_route=%2Fwp%2Fv2%2Fproduct_tag&post=42429"}],"curies":[{"name":"wp","href":"https:\/\/api.w.org\/{rel}","templated":true}]}}