{"id":42424,"date":"2026-01-27T19:40:46","date_gmt":"2026-01-27T19:40:46","guid":{"rendered":"https:\/\/www.deporteseli.com\/?product=zapatillas-under-armour-basket-2"},"modified":"2026-02-16T07:50:48","modified_gmt":"2026-02-16T07:50:48","slug":"zapatillas-under-armour-basket-2","status":"publish","type":"product","link":"https:\/\/www.deporteseli.com\/?product=zapatillas-under-armour-basket-2","title":{"rendered":"ZAPATILLAS UNDER ARMOUR BASKET"},"content":{"rendered":"<p>Descripci\u00f3n del producto  Ajustadas y listas para el despegue, las UA Jet se centran en el rendimiento. La mediasuela de Micro G\u00ae te proporciona la amortiguaci\u00f3n que necesitas, mientras que la parte superior resistente resulta ideal dentro y fuera de la cancha.  Parte superior de varios materiales que proporciona mayor durabilidad, transpirabilidad y sujeci\u00f3n donde m\u00e1s se necesitan  Plantilla de espuma suave para una mayor comodidad en la planta del pie  Mediasuela de Micro G\u00ae completa que convierte los aterrizajes suaves en despegues explosivos  Suela exterior de goma resistente con un dise\u00f1o anat\u00f3mico con tracci\u00f3n para garantizar mucho agarre y flexibilidad  N\u00fam. de producto: 3026635  Peso: 272 g  Tipo de cordones: lazada est\u00e1ndar                                                                                                                                                                                                                                                                                                                                                                                                                                                                                                                                                                                                                                                                                                                                                                                                                                                                                                                                                                                                                                        <\/p>\n","protected":false},"excerpt":{"rendered":"<p>ZAPATILLAS UNDER ARMOUR BASKET<\/p>\n","protected":false},"featured_media":55982,"template":"","meta":[],"product_brand":[],"product_cat":[312],"product_tag":[81],"class_list":{"0":"post-42424","1":"product","2":"type-product","3":"status-publish","4":"has-post-thumbnail","6":"product_cat-nino_calzado_basket","7":"product_tag-under_armour","8":"pa_color-unico","9":"pa_talla-35-5","10":"pa_talla-37-5","11":"pa_talla-145","12":"pa_talla-147","13":"thunk-woo-product-list","14":"opn-qv-enable","15":"open-woo-hover-","16":"open-single-product-tab-horizontal","17":"open-shadow-","18":"open-shadow-hover-","20":"first","21":"instock","22":"sale","23":"shipping-taxable","24":"purchasable","25":"product-type-variable"},"jetpack_sharing_enabled":true,"_links":{"self":[{"href":"https:\/\/www.deporteseli.com\/index.php?rest_route=\/wp\/v2\/product\/42424","targetHints":{"allow":["GET"]}}],"collection":[{"href":"https:\/\/www.deporteseli.com\/index.php?rest_route=\/wp\/v2\/product"}],"about":[{"href":"https:\/\/www.deporteseli.com\/index.php?rest_route=\/wp\/v2\/types\/product"}],"wp:featuredmedia":[{"embeddable":true,"href":"https:\/\/www.deporteseli.com\/index.php?rest_route=\/wp\/v2\/media\/55982"}],"wp:attachment":[{"href":"https:\/\/www.deporteseli.com\/index.php?rest_route=%2Fwp%2Fv2%2Fmedia&parent=42424"}],"wp:term":[{"taxonomy":"product_brand","embeddable":true,"href":"https:\/\/www.deporteseli.com\/index.php?rest_route=%2Fwp%2Fv2%2Fproduct_brand&post=42424"},{"taxonomy":"product_cat","embeddable":true,"href":"https:\/\/www.deporteseli.com\/index.php?rest_route=%2Fwp%2Fv2%2Fproduct_cat&post=42424"},{"taxonomy":"product_tag","embeddable":true,"href":"https:\/\/www.deporteseli.com\/index.php?rest_route=%2Fwp%2Fv2%2Fproduct_tag&post=42424"}],"curies":[{"name":"wp","href":"https:\/\/api.w.org\/{rel}","templated":true}]}}