{"id":42409,"date":"2026-01-27T19:40:24","date_gmt":"2026-01-27T19:40:24","guid":{"rendered":"https:\/\/www.deporteseli.com\/?product=camisa-under-armour-1386793-2"},"modified":"2026-03-07T05:58:24","modified_gmt":"2026-03-07T05:58:24","slug":"camisa-under-armour-1386793-2","status":"publish","type":"product","link":"https:\/\/www.deporteseli.com\/?product=camisa-under-armour-1386793-2","title":{"rendered":"CAMISA UNDER ARMOUR 1386793"},"content":{"rendered":"<p>Mejora tu vestuario deportivo con la camiseta deportiva Boxed de Under Armour para hombre en color gris. La tela supersuave y de secado r\u00e1pido te mantiene c\u00f3modo todo el d\u00eda, mientras que el cuello acanalado agrega estilo y durabilidad adicionales.  Esta camiseta gr\u00e1fica, confeccionada con una mezcla de algod\u00f3n de primera calidad, es una prenda imprescindible para cualquier atleta!    60% algod\u00f3n\/40% poli\u00e9ster                                                                                                                                                                                                                                                                                                                                                                                                                                                                                                                                                                                                                                                                                                                                                                                                                                                                                                                                                                                                                                        <\/p>\n","protected":false},"excerpt":{"rendered":"<p>CAMISA UNDER ARMOUR 1386793<\/p>\n","protected":false},"featured_media":55973,"template":"","meta":[],"product_brand":[],"product_cat":[245],"product_tag":[81],"class_list":{"0":"post-42409","1":"product","2":"type-product","3":"status-publish","4":"has-post-thumbnail","6":"product_cat-hombre_textil_camisetas","7":"product_tag-under_armour","8":"pa_color-unico","9":"pa_talla-l","10":"pa_talla-m","11":"pa_talla-s","12":"pa_talla-xxl","13":"thunk-woo-product-list","14":"opn-qv-enable","15":"open-woo-hover-","16":"open-single-product-tab-horizontal","17":"open-shadow-","18":"open-shadow-hover-","20":"first","21":"instock","22":"shipping-taxable","23":"purchasable","24":"product-type-variable"},"jetpack_sharing_enabled":true,"_links":{"self":[{"href":"https:\/\/www.deporteseli.com\/index.php?rest_route=\/wp\/v2\/product\/42409","targetHints":{"allow":["GET"]}}],"collection":[{"href":"https:\/\/www.deporteseli.com\/index.php?rest_route=\/wp\/v2\/product"}],"about":[{"href":"https:\/\/www.deporteseli.com\/index.php?rest_route=\/wp\/v2\/types\/product"}],"wp:featuredmedia":[{"embeddable":true,"href":"https:\/\/www.deporteseli.com\/index.php?rest_route=\/wp\/v2\/media\/55973"}],"wp:attachment":[{"href":"https:\/\/www.deporteseli.com\/index.php?rest_route=%2Fwp%2Fv2%2Fmedia&parent=42409"}],"wp:term":[{"taxonomy":"product_brand","embeddable":true,"href":"https:\/\/www.deporteseli.com\/index.php?rest_route=%2Fwp%2Fv2%2Fproduct_brand&post=42409"},{"taxonomy":"product_cat","embeddable":true,"href":"https:\/\/www.deporteseli.com\/index.php?rest_route=%2Fwp%2Fv2%2Fproduct_cat&post=42409"},{"taxonomy":"product_tag","embeddable":true,"href":"https:\/\/www.deporteseli.com\/index.php?rest_route=%2Fwp%2Fv2%2Fproduct_tag&post=42409"}],"curies":[{"name":"wp","href":"https:\/\/api.w.org\/{rel}","templated":true}]}}