{"id":42397,"date":"2026-01-27T19:40:04","date_gmt":"2026-01-27T19:40:04","guid":{"rendered":"https:\/\/www.deporteseli.com\/?product=malla-under-armour-1383559"},"modified":"2026-04-18T04:18:18","modified_gmt":"2026-04-18T04:18:18","slug":"malla-under-armour-1383559","status":"publish","type":"product","link":"https:\/\/www.deporteseli.com\/?product=malla-under-armour-1383559","title":{"rendered":"MALLA UNDER ARMOUR 1383559"},"content":{"rendered":"<p>Descripci\u00f3n del producto  Las prendas HeatGear\u00ae son nuestras capas bases de alto rendimiento cl\u00e1sicas: las que te pones primero y te quitas al final. Ahora son m\u00e1s c\u00f3modas, ya que capilarizan el sudor y se estiran para que puedas moverte hagas lo que hagas.  Tejido HeatGear\u00ae original superligero, transpirable y de secado r\u00e1pido  Material que capilariza el sudor y se seca r\u00e1pidamente  Confecci\u00f3n con material el\u00e1stico en 4 direcciones que permite una mayor movilidad en cualquier direcci\u00f3n  Costuras planas ergon\u00f3micas para proporcionar un ajuste c\u00f3modo y sin roces  Cintura el\u00e1stica visible con detalle de logotipo  N\u00fam. de producto: 1383559  Entrepierna: 74 cm  Bolsillos: no                                                                                                                                                                                                                                                                                                                                                                                                                                                                                                                                                                                                                                                                                                                                                                                                                                                                                                                                                                                                                                        <\/p>\n","protected":false},"excerpt":{"rendered":"<p>MALLA UNDER ARMOUR 1383559<\/p>\n","protected":false},"featured_media":55964,"template":"","meta":[],"product_brand":[],"product_cat":[281],"product_tag":[81],"class_list":{"0":"post-42397","1":"product","2":"type-product","3":"status-publish","4":"has-post-thumbnail","6":"product_cat-mujer_textil_mallas","7":"product_tag-under_armour","8":"pa_color-unico","9":"pa_talla-l","10":"pa_talla-m","11":"pa_talla-s","12":"pa_talla-xl","13":"thunk-woo-product-list","14":"opn-qv-enable","15":"open-woo-hover-","16":"open-single-product-tab-horizontal","17":"open-shadow-","18":"open-shadow-hover-","20":"first","21":"instock","22":"shipping-taxable","23":"purchasable","24":"product-type-variable"},"jetpack_sharing_enabled":true,"_links":{"self":[{"href":"https:\/\/www.deporteseli.com\/index.php?rest_route=\/wp\/v2\/product\/42397","targetHints":{"allow":["GET"]}}],"collection":[{"href":"https:\/\/www.deporteseli.com\/index.php?rest_route=\/wp\/v2\/product"}],"about":[{"href":"https:\/\/www.deporteseli.com\/index.php?rest_route=\/wp\/v2\/types\/product"}],"wp:featuredmedia":[{"embeddable":true,"href":"https:\/\/www.deporteseli.com\/index.php?rest_route=\/wp\/v2\/media\/55964"}],"wp:attachment":[{"href":"https:\/\/www.deporteseli.com\/index.php?rest_route=%2Fwp%2Fv2%2Fmedia&parent=42397"}],"wp:term":[{"taxonomy":"product_brand","embeddable":true,"href":"https:\/\/www.deporteseli.com\/index.php?rest_route=%2Fwp%2Fv2%2Fproduct_brand&post=42397"},{"taxonomy":"product_cat","embeddable":true,"href":"https:\/\/www.deporteseli.com\/index.php?rest_route=%2Fwp%2Fv2%2Fproduct_cat&post=42397"},{"taxonomy":"product_tag","embeddable":true,"href":"https:\/\/www.deporteseli.com\/index.php?rest_route=%2Fwp%2Fv2%2Fproduct_tag&post=42397"}],"curies":[{"name":"wp","href":"https:\/\/api.w.org\/{rel}","templated":true}]}}