{"id":42390,"date":"2026-01-27T19:39:55","date_gmt":"2026-01-27T19:39:55","guid":{"rendered":"https:\/\/www.deporteseli.com\/?product=mochila-under-armour-1380476"},"modified":"2026-01-27T19:39:55","modified_gmt":"2026-01-27T19:39:55","slug":"mochila-under-armour-1380476","status":"publish","type":"product","link":"https:\/\/www.deporteseli.com\/?product=mochila-under-armour-1380476","title":{"rendered":"MOCHILA UNDER ARMOUR 1380476"},"content":{"rendered":"<p>Tecnolog\u00eda UA Storm resistente al agua que mantiene tus cosas secas  Funda para ordenador port\u00e1til con forro suave y capacidad para MacBook Pro\u00ae de 15  u ordenadores de tama\u00f1o similar  1 compartimento principal con cierre de cremallera y 1 bolsillo amplio con cremallera para objetos de valor en la parte delantera  Bolsillo para botella de agua en el centro de la parte delantera  Logotipo de punto tejido en la parte superior  Asa superior  N\u00fam. de producto: 1378415  Dimensiones cuando el accesorio est\u00e1 lleno: 30 cm x 45 cm x 13 cm (ancho x largo x profundo)  Volumen: 25 l  100 % poli\u00e9ster                                                                                                                                                                                                                                                                                                                                                                                                                                                                                                                                                                                                                                                                                                                                                                                                                                                                                                                                                                                                                                        <\/p>\n","protected":false},"excerpt":{"rendered":"<p>MOCHILA UNDER ARMOUR 1380476<\/p>\n","protected":false},"featured_media":55955,"template":"","meta":[],"product_brand":[],"product_cat":[401],"product_tag":[81],"class_list":{"0":"post-42390","1":"product","2":"type-product","3":"status-publish","4":"has-post-thumbnail","6":"product_cat-accesorios_mochilas","7":"product_tag-under_armour","8":"thunk-woo-product-list","9":"opn-qv-enable","10":"open-woo-hover-","11":"open-single-product-tab-horizontal","12":"open-shadow-","13":"open-shadow-hover-","15":"first","16":"instock","17":"shipping-taxable","18":"purchasable","19":"product-type-simple"},"jetpack_sharing_enabled":true,"_links":{"self":[{"href":"https:\/\/www.deporteseli.com\/index.php?rest_route=\/wp\/v2\/product\/42390","targetHints":{"allow":["GET"]}}],"collection":[{"href":"https:\/\/www.deporteseli.com\/index.php?rest_route=\/wp\/v2\/product"}],"about":[{"href":"https:\/\/www.deporteseli.com\/index.php?rest_route=\/wp\/v2\/types\/product"}],"wp:featuredmedia":[{"embeddable":true,"href":"https:\/\/www.deporteseli.com\/index.php?rest_route=\/wp\/v2\/media\/55955"}],"wp:attachment":[{"href":"https:\/\/www.deporteseli.com\/index.php?rest_route=%2Fwp%2Fv2%2Fmedia&parent=42390"}],"wp:term":[{"taxonomy":"product_brand","embeddable":true,"href":"https:\/\/www.deporteseli.com\/index.php?rest_route=%2Fwp%2Fv2%2Fproduct_brand&post=42390"},{"taxonomy":"product_cat","embeddable":true,"href":"https:\/\/www.deporteseli.com\/index.php?rest_route=%2Fwp%2Fv2%2Fproduct_cat&post=42390"},{"taxonomy":"product_tag","embeddable":true,"href":"https:\/\/www.deporteseli.com\/index.php?rest_route=%2Fwp%2Fv2%2Fproduct_tag&post=42390"}],"curies":[{"name":"wp","href":"https:\/\/api.w.org\/{rel}","templated":true}]}}