{"id":42387,"date":"2026-01-27T19:39:51","date_gmt":"2026-01-27T19:39:51","guid":{"rendered":"https:\/\/www.deporteseli.com\/?product=sudadera-under-armour-1379767-2"},"modified":"2026-03-07T05:58:02","modified_gmt":"2026-03-07T05:58:02","slug":"sudadera-under-armour-1379767-2","status":"publish","type":"product","link":"https:\/\/www.deporteseli.com\/?product=sudadera-under-armour-1379767-2","title":{"rendered":"SUDADERA UNDER ARMOUR 1379767"},"content":{"rendered":"<p>Tejido Fleece de mezcla de algod\u00f3n ultrasuave con interior cepillado para una mayor calidez  Bolsillos laterales abiertos  Pu\u00f1os y bajo acanalados  N\u00fam. de producto: 1379767  80 % algod\u00f3n\/20 % poli\u00e9ster  Producto importado                                                                                                                                                                                                                                                                                                                                                                                                                                                                                                                                                                                                                                                                                                                                                                                                                                                                                                                                                                                                                                        <\/p>\n","protected":false},"excerpt":{"rendered":"<p>SUDADERA UNDER ARMOUR 1379767<\/p>\n","protected":false},"featured_media":55953,"template":"","meta":[],"product_brand":[],"product_cat":[253],"product_tag":[81],"class_list":{"0":"post-42387","1":"product","2":"type-product","3":"status-publish","4":"has-post-thumbnail","6":"product_cat-hombre_textil_sudaderas","7":"product_tag-under_armour","8":"pa_color-unico","9":"pa_talla-l","10":"pa_talla-m","11":"thunk-woo-product-list","12":"opn-qv-enable","13":"open-woo-hover-","14":"open-single-product-tab-horizontal","15":"open-shadow-","16":"open-shadow-hover-","18":"first","19":"instock","20":"shipping-taxable","21":"purchasable","22":"product-type-variable"},"jetpack_sharing_enabled":true,"_links":{"self":[{"href":"https:\/\/www.deporteseli.com\/index.php?rest_route=\/wp\/v2\/product\/42387","targetHints":{"allow":["GET"]}}],"collection":[{"href":"https:\/\/www.deporteseli.com\/index.php?rest_route=\/wp\/v2\/product"}],"about":[{"href":"https:\/\/www.deporteseli.com\/index.php?rest_route=\/wp\/v2\/types\/product"}],"wp:featuredmedia":[{"embeddable":true,"href":"https:\/\/www.deporteseli.com\/index.php?rest_route=\/wp\/v2\/media\/55953"}],"wp:attachment":[{"href":"https:\/\/www.deporteseli.com\/index.php?rest_route=%2Fwp%2Fv2%2Fmedia&parent=42387"}],"wp:term":[{"taxonomy":"product_brand","embeddable":true,"href":"https:\/\/www.deporteseli.com\/index.php?rest_route=%2Fwp%2Fv2%2Fproduct_brand&post=42387"},{"taxonomy":"product_cat","embeddable":true,"href":"https:\/\/www.deporteseli.com\/index.php?rest_route=%2Fwp%2Fv2%2Fproduct_cat&post=42387"},{"taxonomy":"product_tag","embeddable":true,"href":"https:\/\/www.deporteseli.com\/index.php?rest_route=%2Fwp%2Fv2%2Fproduct_tag&post=42387"}],"curies":[{"name":"wp","href":"https:\/\/api.w.org\/{rel}","templated":true}]}}