{"id":42369,"date":"2026-01-27T19:39:27","date_gmt":"2026-01-27T19:39:27","guid":{"rendered":"https:\/\/www.deporteseli.com\/?product=chandal-under-1357139"},"modified":"2026-03-28T05:19:16","modified_gmt":"2026-03-28T05:19:16","slug":"chandal-under-1357139","status":"publish","type":"product","link":"https:\/\/www.deporteseli.com\/?product=chandal-under-1357139","title":{"rendered":"CHANDAL UNDER 1357139"},"content":{"rendered":"<p>Descripci\u00f3n del producto  Hemos mejorado el ch\u00e1ndal cl\u00e1sico con materiales supersuaves que, adem\u00e1s, capilarizan el sudor y ofrecen transpirabilidad y ligereza.  Parte exterior de punto de tricot suave y parte interior suave para proporcionar comodidad y calidez  Material que capilariza el sudor y se seca r\u00e1pidamente  CHAQUETA:  Bolsillos laterales abiertos  PANTAL\u00d3N:  Cintura el\u00e1stica con revestimiento y cord\u00f3n exterior  Bolsillos laterales de malla  Pernera ce\u00f1ida  N\u00fam. de producto: 1357139  Se vende como conjunto  Entrepierna: 77 cm  100 % poli\u00e9ster                                                                                                                                                                                                                                                                                                                                                                                                                                                                                                                                                                                                                                                                                                                                                                                                                                                                                                                                                                                                                                        <\/p>\n","protected":false},"excerpt":{"rendered":"<p>CHANDAL UNDER 1357139<\/p>\n","protected":false},"featured_media":55940,"template":"","meta":[],"product_brand":[],"product_cat":[248],"product_tag":[81],"class_list":{"0":"post-42369","1":"product","2":"type-product","3":"status-publish","4":"has-post-thumbnail","6":"product_cat-hombre_textil_chandals","7":"product_tag-under_armour","8":"pa_color-unico","9":"pa_talla-m","10":"pa_talla-s","11":"pa_talla-xl","12":"thunk-woo-product-list","13":"opn-qv-enable","14":"open-woo-hover-","15":"open-single-product-tab-horizontal","16":"open-shadow-","17":"open-shadow-hover-","19":"first","20":"instock","21":"shipping-taxable","22":"purchasable","23":"product-type-variable"},"jetpack_sharing_enabled":true,"_links":{"self":[{"href":"https:\/\/www.deporteseli.com\/index.php?rest_route=\/wp\/v2\/product\/42369","targetHints":{"allow":["GET"]}}],"collection":[{"href":"https:\/\/www.deporteseli.com\/index.php?rest_route=\/wp\/v2\/product"}],"about":[{"href":"https:\/\/www.deporteseli.com\/index.php?rest_route=\/wp\/v2\/types\/product"}],"wp:featuredmedia":[{"embeddable":true,"href":"https:\/\/www.deporteseli.com\/index.php?rest_route=\/wp\/v2\/media\/55940"}],"wp:attachment":[{"href":"https:\/\/www.deporteseli.com\/index.php?rest_route=%2Fwp%2Fv2%2Fmedia&parent=42369"}],"wp:term":[{"taxonomy":"product_brand","embeddable":true,"href":"https:\/\/www.deporteseli.com\/index.php?rest_route=%2Fwp%2Fv2%2Fproduct_brand&post=42369"},{"taxonomy":"product_cat","embeddable":true,"href":"https:\/\/www.deporteseli.com\/index.php?rest_route=%2Fwp%2Fv2%2Fproduct_cat&post=42369"},{"taxonomy":"product_tag","embeddable":true,"href":"https:\/\/www.deporteseli.com\/index.php?rest_route=%2Fwp%2Fv2%2Fproduct_tag&post=42369"}],"curies":[{"name":"wp","href":"https:\/\/api.w.org\/{rel}","templated":true}]}}