{"id":42362,"date":"2026-01-27T19:39:17","date_gmt":"2026-01-27T19:39:17","guid":{"rendered":"https:\/\/www.deporteseli.com\/?product=camisa-under-1356305-2"},"modified":"2026-03-07T05:57:41","modified_gmt":"2026-03-07T05:57:41","slug":"camisa-under-1356305-2","status":"publish","type":"product","link":"https:\/\/www.deporteseli.com\/?product=camisa-under-1356305-2","title":{"rendered":"CAMISA UNDER 1356305"},"content":{"rendered":"<p>Descripci\u00f3n  Camiseta de mujer Under Armour \u00e0 manches courtes Sportstyle Graphic  Todo el mundo hace camisetas gr\u00e1ficas&#8230; pero nadie puede igualar las de Under Armour. El tejido que utilizamos es ligero, suave y de secado r\u00e1pido.    Ajuste holgado : ajuste m\u00e1s holgado para una comodidad total  Mezcla de algod\u00f3n muy suave para una mayor comodidad durante todo el d\u00eda  N\u00famero de modelo: 1356305  Cuello acanalado  60 % algod\u00f3n \/ 40 % poli\u00e9ster  Producto importado  Lavar la prenda del rev\u00e9s  Lavado a m\u00e1quina en agua fr\u00eda con colores similares  Si es necesario, utilice \u00fanicamente lej\u00eda sin cloro.  Secado a m\u00e1quina a baja temperatura  No planchar  No utilizar suavizantes  No limpiar en seco                                                                                                                                                                                                                                                                                                                                                                                                                                                                                                                                                                                                                                                                                                                                                                                                                                                                                                                                                                                                                                        <\/p>\n","protected":false},"excerpt":{"rendered":"<p>CAMISA UNDER 1356305<\/p>\n","protected":false},"featured_media":55936,"template":"","meta":[],"product_brand":[],"product_cat":[245],"product_tag":[81],"class_list":{"0":"post-42362","1":"product","2":"type-product","3":"status-publish","4":"has-post-thumbnail","6":"product_cat-hombre_textil_camisetas","7":"product_tag-under_armour","8":"pa_color-unico","9":"pa_talla-l","10":"pa_talla-m","11":"pa_talla-s","12":"pa_talla-xl","13":"thunk-woo-product-list","14":"opn-qv-enable","15":"open-woo-hover-","16":"open-single-product-tab-horizontal","17":"open-shadow-","18":"open-shadow-hover-","20":"first","21":"instock","22":"shipping-taxable","23":"purchasable","24":"product-type-variable"},"jetpack_sharing_enabled":true,"_links":{"self":[{"href":"https:\/\/www.deporteseli.com\/index.php?rest_route=\/wp\/v2\/product\/42362","targetHints":{"allow":["GET"]}}],"collection":[{"href":"https:\/\/www.deporteseli.com\/index.php?rest_route=\/wp\/v2\/product"}],"about":[{"href":"https:\/\/www.deporteseli.com\/index.php?rest_route=\/wp\/v2\/types\/product"}],"wp:featuredmedia":[{"embeddable":true,"href":"https:\/\/www.deporteseli.com\/index.php?rest_route=\/wp\/v2\/media\/55936"}],"wp:attachment":[{"href":"https:\/\/www.deporteseli.com\/index.php?rest_route=%2Fwp%2Fv2%2Fmedia&parent=42362"}],"wp:term":[{"taxonomy":"product_brand","embeddable":true,"href":"https:\/\/www.deporteseli.com\/index.php?rest_route=%2Fwp%2Fv2%2Fproduct_brand&post=42362"},{"taxonomy":"product_cat","embeddable":true,"href":"https:\/\/www.deporteseli.com\/index.php?rest_route=%2Fwp%2Fv2%2Fproduct_cat&post=42362"},{"taxonomy":"product_tag","embeddable":true,"href":"https:\/\/www.deporteseli.com\/index.php?rest_route=%2Fwp%2Fv2%2Fproduct_tag&post=42362"}],"curies":[{"name":"wp","href":"https:\/\/api.w.org\/{rel}","templated":true}]}}