{"id":42354,"date":"2026-01-27T19:39:07","date_gmt":"2026-01-27T19:39:07","guid":{"rendered":"https:\/\/www.deporteseli.com\/?product=camisa-under-1326799"},"modified":"2026-03-13T05:18:23","modified_gmt":"2026-03-13T05:18:23","slug":"camisa-under-1326799","status":"publish","type":"product","link":"https:\/\/www.deporteseli.com\/?product=camisa-under-1326799","title":{"rendered":"CAMISA UNDER 1326799"},"content":{"rendered":"<p>Camiseta con logotipo en el pecho izquierdo de Under Armour M 1326799    La camiseta de hombre de Under Armour es perfecta para entrenar, pero tambi\u00e9n para el d\u00eda a d\u00eda. Seg\u00fan las previsiones del fabricante, est\u00e1 fabricada con un material innovador que es suave y agradable al tacto como el algod\u00f3n, y al mismo tiempo se seca mucho m\u00e1s r\u00e1pido que este material.    Caracter\u00edsticas:    La tecnolog\u00eda HeatGear\u00ae utilizada regula la temperatura corporal, lo que resulta especialmente recomendable durante el entrenamiento. La camiseta Under Armour tiene un corte Loose Fit, lo que significa que no restringe los movimientos y garantiza una total libertad.  Un dato interesante puede ser que la camiseta cuenta con un sistema Anti-Odor, lo que significa que limita la formaci\u00f3n de olores desagradables durante el entrenamiento, lo que tambi\u00e9n aumenta su comodidad.  Independientemente de si vas de viaje, al gimnasio o planeas usarla con jeans y salir por la ciudad, la camiseta funcionar\u00e1 en cualquier situaci\u00f3n.  Material de secado r\u00e1pido, lo que hace que la camiseta sea perfecta para hacer ejercicio en el gimnasio u otras actividades f\u00edsicas  permite una r\u00e1pida evaporaci\u00f3n de la humedad,  Sistema Anti-Olor que limita la formaci\u00f3n de olores desagradables,  Corte holgado, garantizando libertad de movimiento,  tiene el logo de Under Armour en el pecho,  estilo minimalista y deportivo,  Material:    algod\u00f3n 60%,  poli\u00e9ster 40%                                                                                                                                                                                                                                                                                                                                                                                                                                                                                                                                                                                                                                                                                                                                                                                                                                                                                                                                                                                                                                        <\/p>\n","protected":false},"excerpt":{"rendered":"<p>CAMISA UNDER 1326799<\/p>\n","protected":false},"featured_media":55930,"template":"","meta":[],"product_brand":[],"product_cat":[245],"product_tag":[81],"class_list":{"0":"post-42354","1":"product","2":"type-product","3":"status-publish","4":"has-post-thumbnail","6":"product_cat-hombre_textil_camisetas","7":"product_tag-under_armour","8":"pa_color-unico","9":"pa_talla-l","10":"pa_talla-m","11":"pa_talla-s","12":"thunk-woo-product-list","13":"opn-qv-enable","14":"open-woo-hover-","15":"open-single-product-tab-horizontal","16":"open-shadow-","17":"open-shadow-hover-","19":"first","20":"instock","21":"shipping-taxable","22":"purchasable","23":"product-type-variable"},"jetpack_sharing_enabled":true,"_links":{"self":[{"href":"https:\/\/www.deporteseli.com\/index.php?rest_route=\/wp\/v2\/product\/42354","targetHints":{"allow":["GET"]}}],"collection":[{"href":"https:\/\/www.deporteseli.com\/index.php?rest_route=\/wp\/v2\/product"}],"about":[{"href":"https:\/\/www.deporteseli.com\/index.php?rest_route=\/wp\/v2\/types\/product"}],"wp:featuredmedia":[{"embeddable":true,"href":"https:\/\/www.deporteseli.com\/index.php?rest_route=\/wp\/v2\/media\/55930"}],"wp:attachment":[{"href":"https:\/\/www.deporteseli.com\/index.php?rest_route=%2Fwp%2Fv2%2Fmedia&parent=42354"}],"wp:term":[{"taxonomy":"product_brand","embeddable":true,"href":"https:\/\/www.deporteseli.com\/index.php?rest_route=%2Fwp%2Fv2%2Fproduct_brand&post=42354"},{"taxonomy":"product_cat","embeddable":true,"href":"https:\/\/www.deporteseli.com\/index.php?rest_route=%2Fwp%2Fv2%2Fproduct_cat&post=42354"},{"taxonomy":"product_tag","embeddable":true,"href":"https:\/\/www.deporteseli.com\/index.php?rest_route=%2Fwp%2Fv2%2Fproduct_tag&post=42354"}],"curies":[{"name":"wp","href":"https:\/\/api.w.org\/{rel}","templated":true}]}}