{"id":42347,"date":"2026-01-27T19:38:59","date_gmt":"2026-01-27T19:38:59","guid":{"rendered":"https:\/\/www.deporteseli.com\/?product=mochila-adidas-ix6804"},"modified":"2026-01-27T19:38:59","modified_gmt":"2026-01-27T19:38:59","slug":"mochila-adidas-ix6804","status":"publish","type":"product","link":"https:\/\/www.deporteseli.com\/?product=mochila-adidas-ix6804","title":{"rendered":"MOCHILA ADIDAS IX6804"},"content":{"rendered":"<p>Descripci\u00f3n  Mochila adidas mujer La mochila Essentials Linear Graphic en color blanco es perfecta para llevar tus pertenencias con comodidad y estilo. Fabricada con poli\u00e9ster reciclado, cuenta con un gran compartimento principal con cremallera, un bolsillo frontal adicional y correas acolchadas y ajustables para mayor comodidad. mochila Con unas medidas de 16cm x 26,5cm x 46cm y una capacidad de 22,5 litros, es ideal para tus actividades diarias  hazte con la tuya!    Caracter\u00edsticas  100% Dimensiones: 16 cm x 26,5 cm x 46 cm Capacidad: 22,5 l Tejido t\u00e9cnico de poli\u00e9ster reciclado Compartimento principal con cremallera Bolsillo frontal con cremallera Tirantes ajustables y acolchados                                                                                                                                                                                                                                                                                                                                                                                                                                                                                                                                                                                                                                                                                                                                                                                                                                                                                                                                                                                                                                        <\/p>\n","protected":false},"excerpt":{"rendered":"<p>MOCHILA ADIDAS IX6804<\/p>\n","protected":false},"featured_media":55922,"template":"","meta":[],"product_brand":[],"product_cat":[401],"product_tag":[18],"class_list":{"0":"post-42347","1":"product","2":"type-product","3":"status-publish","4":"has-post-thumbnail","6":"product_cat-accesorios_mochilas","7":"product_tag-adidas","8":"thunk-woo-product-list","9":"opn-qv-enable","10":"open-woo-hover-","11":"open-single-product-tab-horizontal","12":"open-shadow-","13":"open-shadow-hover-","15":"first","16":"instock","17":"shipping-taxable","18":"purchasable","19":"product-type-simple"},"jetpack_sharing_enabled":true,"_links":{"self":[{"href":"https:\/\/www.deporteseli.com\/index.php?rest_route=\/wp\/v2\/product\/42347","targetHints":{"allow":["GET"]}}],"collection":[{"href":"https:\/\/www.deporteseli.com\/index.php?rest_route=\/wp\/v2\/product"}],"about":[{"href":"https:\/\/www.deporteseli.com\/index.php?rest_route=\/wp\/v2\/types\/product"}],"wp:featuredmedia":[{"embeddable":true,"href":"https:\/\/www.deporteseli.com\/index.php?rest_route=\/wp\/v2\/media\/55922"}],"wp:attachment":[{"href":"https:\/\/www.deporteseli.com\/index.php?rest_route=%2Fwp%2Fv2%2Fmedia&parent=42347"}],"wp:term":[{"taxonomy":"product_brand","embeddable":true,"href":"https:\/\/www.deporteseli.com\/index.php?rest_route=%2Fwp%2Fv2%2Fproduct_brand&post=42347"},{"taxonomy":"product_cat","embeddable":true,"href":"https:\/\/www.deporteseli.com\/index.php?rest_route=%2Fwp%2Fv2%2Fproduct_cat&post=42347"},{"taxonomy":"product_tag","embeddable":true,"href":"https:\/\/www.deporteseli.com\/index.php?rest_route=%2Fwp%2Fv2%2Fproduct_tag&post=42347"}],"curies":[{"name":"wp","href":"https:\/\/api.w.org\/{rel}","templated":true}]}}