{"id":42346,"date":"2026-01-27T19:38:57","date_gmt":"2026-01-27T19:38:57","guid":{"rendered":"https:\/\/www.deporteseli.com\/?product=mochila-adidas-ix3181"},"modified":"2026-01-27T19:38:57","modified_gmt":"2026-01-27T19:38:57","slug":"mochila-adidas-ix3181","status":"publish","type":"product","link":"https:\/\/www.deporteseli.com\/?product=mochila-adidas-ix3181","title":{"rendered":"MOCHILA ADIDAS IX3181"},"content":{"rendered":"<p>C\u00d3MODA, PR\u00c1CTICA Y SOSTENIBLE  Llevar tu equipaci\u00f3n al gimnasio puede cansar casi tanto como el propio entrenamiento. Guarda tus cosas en esta mochila adidas y transp\u00f3rtalas de forma c\u00f3moda. Las correas de compresi\u00f3n equilibran la carga y los m\u00faltiples compartimentos con cremallera te ayudan a tener todo bien organizado. Cuenta con un compartimento para el port\u00e1til por si tienes que irte al trabajo al terminar la sesi\u00f3n.    Este producto se ha fabricado con diferentes materiales t\u00e9cnicos y contiene al menos un 60% de material reciclado. Su objetivo es plantear otra soluci\u00f3n m\u00e1s que ayude a acabar con los residuos pl\u00e1sticos.    Detalles:  Dimensiones: 19 cm x 30 cm x 48 cm  Capacidad: 23,5 l  Exterior: tejido de doble capa 100% poli\u00e9ster reciclado  Forro: tejido t\u00e9cnico 100% poli\u00e9ster reciclado  M\u00faltiples compartimentos con cremallera  Bolsillos laterales de malla  Compartimento interior para el port\u00e1til  Correas de compresi\u00f3n  Base revestida resistente al desgaste  G\u00e9nero: Unisex  Color: Rosa  Referencia: IX3181                                                                                                                                                                                                                                                                                                                                                                                                                                                                                                                                                                                                                                                                                                                                                                                                                                                                                                                                                                                                                                        <\/p>\n","protected":false},"excerpt":{"rendered":"<p>MOCHILA ADIDAS IX3181<\/p>\n","protected":false},"featured_media":55919,"template":"","meta":[],"product_brand":[],"product_cat":[401],"product_tag":[18],"class_list":{"0":"post-42346","1":"product","2":"type-product","3":"status-publish","4":"has-post-thumbnail","6":"product_cat-accesorios_mochilas","7":"product_tag-adidas","8":"thunk-woo-product-list","9":"opn-qv-enable","10":"open-woo-hover-","11":"open-single-product-tab-horizontal","12":"open-shadow-","13":"open-shadow-hover-","15":"first","16":"instock","17":"shipping-taxable","18":"purchasable","19":"product-type-simple"},"jetpack_sharing_enabled":true,"_links":{"self":[{"href":"https:\/\/www.deporteseli.com\/index.php?rest_route=\/wp\/v2\/product\/42346","targetHints":{"allow":["GET"]}}],"collection":[{"href":"https:\/\/www.deporteseli.com\/index.php?rest_route=\/wp\/v2\/product"}],"about":[{"href":"https:\/\/www.deporteseli.com\/index.php?rest_route=\/wp\/v2\/types\/product"}],"wp:featuredmedia":[{"embeddable":true,"href":"https:\/\/www.deporteseli.com\/index.php?rest_route=\/wp\/v2\/media\/55919"}],"wp:attachment":[{"href":"https:\/\/www.deporteseli.com\/index.php?rest_route=%2Fwp%2Fv2%2Fmedia&parent=42346"}],"wp:term":[{"taxonomy":"product_brand","embeddable":true,"href":"https:\/\/www.deporteseli.com\/index.php?rest_route=%2Fwp%2Fv2%2Fproduct_brand&post=42346"},{"taxonomy":"product_cat","embeddable":true,"href":"https:\/\/www.deporteseli.com\/index.php?rest_route=%2Fwp%2Fv2%2Fproduct_cat&post=42346"},{"taxonomy":"product_tag","embeddable":true,"href":"https:\/\/www.deporteseli.com\/index.php?rest_route=%2Fwp%2Fv2%2Fproduct_tag&post=42346"}],"curies":[{"name":"wp","href":"https:\/\/api.w.org\/{rel}","templated":true}]}}