{"id":42344,"date":"2026-01-27T19:38:55","date_gmt":"2026-01-27T19:38:55","guid":{"rendered":"https:\/\/www.deporteseli.com\/?product=bolsa-para-calzado-essentials-training"},"modified":"2026-01-27T19:38:56","modified_gmt":"2026-01-27T19:38:56","slug":"bolsa-para-calzado-essentials-training","status":"publish","type":"product","link":"https:\/\/www.deporteseli.com\/?product=bolsa-para-calzado-essentials-training","title":{"rendered":"BOLSA PARA CALZADO ESSENTIALS TRAINING"},"content":{"rendered":"<p>PASI\u00d3N POR LAS 3 BANDAS  Protege tus zapatillas como hacen tus jugadores favoritos con esta bolsa para el calzado de adidas. Presenta un dise\u00f1o resistente al desgaste con un panel lateral de malla transpirable que favorece la ventilaci\u00f3n. Cuenta con un amplio compartimento principal con cremallera y un asa de mano para llevarla c\u00f3modamente al gimnasio o al campo de entrenamiento. Las 3 bandas le confieren nuestro inconfundible sello deportivo.    Este producto se ha fabricado con diferentes materiales t\u00e9cnicos y contiene al menos un 40% de material reciclado. Su objetivo es plantear otra soluci\u00f3n m\u00e1s que ayude a eliminar los residuos pl\u00e1sticos.  Dimensiones: 12 cm x 18 cm x 36 cm  Capacidad: 7,25 l  Tejido t\u00e9cnico 100% poli\u00e9ster reciclado  Compartimento principal con cremallera  Panel laterales de malla  Asa de mano  Color del art\u00edculo: Black \/ White  N\u00famero de art\u00edculo: HT4753                                                                                                                                                                                                                                                                                                                                                                                                                                                                                                                                                                                                                                                                                                                                                                                                                                                                                                                                                                                                                                        <\/p>\n","protected":false},"excerpt":{"rendered":"<p>BOLSA PARA CALZADO ESSENTIALS TRAINING<\/p>\n","protected":false},"featured_media":55916,"template":"","meta":[],"product_brand":[],"product_cat":[321],"product_tag":[18],"class_list":{"0":"post-42344","1":"product","2":"type-product","3":"status-publish","4":"has-post-thumbnail","6":"product_cat-deportes_futbol_zapatilleros","7":"product_tag-adidas","8":"pa_color-negro","9":"pa_talla-unica","10":"thunk-woo-product-list","11":"opn-qv-enable","12":"open-woo-hover-","13":"open-single-product-tab-horizontal","14":"open-shadow-","15":"open-shadow-hover-","17":"first","18":"instock","19":"shipping-taxable","20":"purchasable","21":"product-type-variable"},"jetpack_sharing_enabled":true,"_links":{"self":[{"href":"https:\/\/www.deporteseli.com\/index.php?rest_route=\/wp\/v2\/product\/42344","targetHints":{"allow":["GET"]}}],"collection":[{"href":"https:\/\/www.deporteseli.com\/index.php?rest_route=\/wp\/v2\/product"}],"about":[{"href":"https:\/\/www.deporteseli.com\/index.php?rest_route=\/wp\/v2\/types\/product"}],"wp:featuredmedia":[{"embeddable":true,"href":"https:\/\/www.deporteseli.com\/index.php?rest_route=\/wp\/v2\/media\/55916"}],"wp:attachment":[{"href":"https:\/\/www.deporteseli.com\/index.php?rest_route=%2Fwp%2Fv2%2Fmedia&parent=42344"}],"wp:term":[{"taxonomy":"product_brand","embeddable":true,"href":"https:\/\/www.deporteseli.com\/index.php?rest_route=%2Fwp%2Fv2%2Fproduct_brand&post=42344"},{"taxonomy":"product_cat","embeddable":true,"href":"https:\/\/www.deporteseli.com\/index.php?rest_route=%2Fwp%2Fv2%2Fproduct_cat&post=42344"},{"taxonomy":"product_tag","embeddable":true,"href":"https:\/\/www.deporteseli.com\/index.php?rest_route=%2Fwp%2Fv2%2Fproduct_tag&post=42344"}],"curies":[{"name":"wp","href":"https:\/\/api.w.org\/{rel}","templated":true}]}}