{"id":42338,"date":"2026-01-27T19:38:47","date_gmt":"2026-01-27T19:38:47","guid":{"rendered":"https:\/\/www.deporteseli.com\/?product=falda-pantalon-club-graph"},"modified":"2026-03-07T05:57:28","modified_gmt":"2026-03-07T05:57:28","slug":"falda-pantalon-club-graph","status":"publish","type":"product","link":"https:\/\/www.deporteseli.com\/?product=falda-pantalon-club-graph","title":{"rendered":"FALDA PANTALON CLUB GRAPH"},"content":{"rendered":"<p>Juega para ganar con la falda gr\u00e1fica Club Tennis, que redefine el tenis moderno con un gui\u00f1o al estilo preppy de los clubes de campo. Esta prenda de corte regular presenta una cinturilla el\u00e1stica de dos tonos, mallas interiores integradas para mayor comodidad y un largo de 13 pulgadas para libertad de movimiento. El material Primegreen es 100% poli\u00e9ster reciclado y est\u00e1 dise\u00f1ado con un estampado integral inspirado en el tenis de temporada, lo que lo convierte en una declaraci\u00f3n ecol\u00f3gica de moda impulsada por el rendimiento. La tecnolog\u00eda AEROREADY te mantiene seco durante partidos intensos.                                                                                                                                                                                                                                                                                                                                                                                                                                                                                                                                                                                                                                                                                                                                                                                                                                                                                                                                                                                                                                        <\/p>\n","protected":false},"excerpt":{"rendered":"<p>FALDA PANTALON CLUB GRAPH<\/p>\n","protected":false},"featured_media":55910,"template":"","meta":[],"product_brand":[],"product_cat":[366],"product_tag":[18],"class_list":{"0":"post-42338","1":"product","2":"type-product","3":"status-publish","4":"has-post-thumbnail","6":"product_cat-padel_y_tenis_textil_faldas","7":"product_tag-adidas","8":"pa_color-blanco","9":"pa_talla-xs","10":"thunk-woo-product-list","11":"opn-qv-enable","12":"open-woo-hover-","13":"open-single-product-tab-horizontal","14":"open-shadow-","15":"open-shadow-hover-","17":"first","18":"instock","19":"shipping-taxable","20":"purchasable","21":"product-type-variable"},"jetpack_sharing_enabled":true,"_links":{"self":[{"href":"https:\/\/www.deporteseli.com\/index.php?rest_route=\/wp\/v2\/product\/42338","targetHints":{"allow":["GET"]}}],"collection":[{"href":"https:\/\/www.deporteseli.com\/index.php?rest_route=\/wp\/v2\/product"}],"about":[{"href":"https:\/\/www.deporteseli.com\/index.php?rest_route=\/wp\/v2\/types\/product"}],"wp:featuredmedia":[{"embeddable":true,"href":"https:\/\/www.deporteseli.com\/index.php?rest_route=\/wp\/v2\/media\/55910"}],"wp:attachment":[{"href":"https:\/\/www.deporteseli.com\/index.php?rest_route=%2Fwp%2Fv2%2Fmedia&parent=42338"}],"wp:term":[{"taxonomy":"product_brand","embeddable":true,"href":"https:\/\/www.deporteseli.com\/index.php?rest_route=%2Fwp%2Fv2%2Fproduct_brand&post=42338"},{"taxonomy":"product_cat","embeddable":true,"href":"https:\/\/www.deporteseli.com\/index.php?rest_route=%2Fwp%2Fv2%2Fproduct_cat&post=42338"},{"taxonomy":"product_tag","embeddable":true,"href":"https:\/\/www.deporteseli.com\/index.php?rest_route=%2Fwp%2Fv2%2Fproduct_tag&post=42338"}],"curies":[{"name":"wp","href":"https:\/\/api.w.org\/{rel}","templated":true}]}}