{"id":42336,"date":"2026-01-27T19:38:43","date_gmt":"2026-01-27T19:38:43","guid":{"rendered":"https:\/\/www.deporteseli.com\/?product=camiseta-tirantes-club"},"modified":"2026-03-07T05:57:26","modified_gmt":"2026-03-07T05:57:26","slug":"camiseta-tirantes-club","status":"publish","type":"product","link":"https:\/\/www.deporteseli.com\/?product=camiseta-tirantes-club","title":{"rendered":"CAMISETA TIRANTES CLUB"},"content":{"rendered":"<p>Adopte la est\u00e9tica del tenis moderna con la camiseta sin mangas Club Tennis de corte entallado. Esta camiseta sin mangas de punto est\u00e1 confeccionada 100 % con poli\u00e9ster reciclado, lo que muestra un compromiso con la sostenibilidad y al mismo tiempo ofrece un rendimiento superior. El dise\u00f1o presenta una ejecuci\u00f3n deportiva con espalda cruzada, paneles de malla para transpirabilidad y tecnolog\u00eda de tejido AEROREADY que te mantiene seco y c\u00f3modo. Entra a la cancha con orgullo y confianza en esta elecci\u00f3n ecol\u00f3gica.                                                                                                                                                                                                                                                                                                                                                                                                                                                                                                                                                                                                                                                                                                                                                                                                                                                                                                                                                                                                                                        <\/p>\n","protected":false},"excerpt":{"rendered":"<p>CAMISETA TIRANTES CLUB<\/p>\n","protected":false},"featured_media":55906,"template":"","meta":[],"product_brand":[],"product_cat":[364],"product_tag":[18],"class_list":{"0":"post-42336","1":"product","2":"type-product","3":"status-publish","4":"has-post-thumbnail","6":"product_cat-padel_y_tenis_textil_camisas","7":"product_tag-adidas","8":"pa_color-negro","9":"pa_talla-m","10":"thunk-woo-product-list","11":"opn-qv-enable","12":"open-woo-hover-","13":"open-single-product-tab-horizontal","14":"open-shadow-","15":"open-shadow-hover-","17":"first","18":"instock","19":"shipping-taxable","20":"purchasable","21":"product-type-variable"},"jetpack_sharing_enabled":true,"_links":{"self":[{"href":"https:\/\/www.deporteseli.com\/index.php?rest_route=\/wp\/v2\/product\/42336","targetHints":{"allow":["GET"]}}],"collection":[{"href":"https:\/\/www.deporteseli.com\/index.php?rest_route=\/wp\/v2\/product"}],"about":[{"href":"https:\/\/www.deporteseli.com\/index.php?rest_route=\/wp\/v2\/types\/product"}],"wp:featuredmedia":[{"embeddable":true,"href":"https:\/\/www.deporteseli.com\/index.php?rest_route=\/wp\/v2\/media\/55906"}],"wp:attachment":[{"href":"https:\/\/www.deporteseli.com\/index.php?rest_route=%2Fwp%2Fv2%2Fmedia&parent=42336"}],"wp:term":[{"taxonomy":"product_brand","embeddable":true,"href":"https:\/\/www.deporteseli.com\/index.php?rest_route=%2Fwp%2Fv2%2Fproduct_brand&post=42336"},{"taxonomy":"product_cat","embeddable":true,"href":"https:\/\/www.deporteseli.com\/index.php?rest_route=%2Fwp%2Fv2%2Fproduct_cat&post=42336"},{"taxonomy":"product_tag","embeddable":true,"href":"https:\/\/www.deporteseli.com\/index.php?rest_route=%2Fwp%2Fv2%2Fproduct_tag&post=42336"}],"curies":[{"name":"wp","href":"https:\/\/api.w.org\/{rel}","templated":true}]}}