{"id":42333,"date":"2026-01-27T19:38:39","date_gmt":"2026-01-27T19:38:39","guid":{"rendered":"https:\/\/www.deporteseli.com\/?product=camiseta-b-club-3str"},"modified":"2026-03-07T05:57:24","modified_gmt":"2026-03-07T05:57:24","slug":"camiseta-b-club-3str","status":"publish","type":"product","link":"https:\/\/www.deporteseli.com\/?product=camiseta-b-club-3str","title":{"rendered":"CAMISETA B CLUB 3STR"},"content":{"rendered":"<p>Estilo y rendimiento en la pista de tenis. Esta camiseta para j\u00f3venes deportistas forma parte de la colecci\u00f3n adidas Club y presenta un tejido transpirable AEROREADY con paneles de malla que favorecen la ventilaci\u00f3n. El tejido extra bajo las sisas teayuda a ejecutar tus mejores golpes y el dobladillo trasero m\u00e1s largo te ofrece m\u00e1s cobertura. Las 3 bandas asim\u00e9tricas aportan un toque deportivo. Esta prenda se ha fabricado con un 100% de material reciclado. Su objetivo es plantear otra soluci\u00f3nm\u00e1s que ayude a eliminar los residuos pl\u00e1sticos.                                                                                                                                                                                                                                                                                                                                                                                                                                                                                                                                                                                                                                                                                                                                                                                                                                                                                                                                                                                                                                        <\/p>\n","protected":false},"excerpt":{"rendered":"<p>CAMISETA B CLUB 3STR<\/p>\n","protected":false},"featured_media":55905,"template":"","meta":[],"product_brand":[],"product_cat":[364],"product_tag":[18],"class_list":{"0":"post-42333","1":"product","2":"type-product","3":"status-publish","4":"has-post-thumbnail","6":"product_cat-padel_y_tenis_textil_camisas","7":"product_tag-adidas","8":"pa_color-unico","9":"pa_talla-t-12","10":"pa_talla-t-14","11":"thunk-woo-product-list","12":"opn-qv-enable","13":"open-woo-hover-","14":"open-single-product-tab-horizontal","15":"open-shadow-","16":"open-shadow-hover-","18":"first","19":"instock","20":"shipping-taxable","21":"purchasable","22":"product-type-variable"},"jetpack_sharing_enabled":true,"_links":{"self":[{"href":"https:\/\/www.deporteseli.com\/index.php?rest_route=\/wp\/v2\/product\/42333","targetHints":{"allow":["GET"]}}],"collection":[{"href":"https:\/\/www.deporteseli.com\/index.php?rest_route=\/wp\/v2\/product"}],"about":[{"href":"https:\/\/www.deporteseli.com\/index.php?rest_route=\/wp\/v2\/types\/product"}],"wp:featuredmedia":[{"embeddable":true,"href":"https:\/\/www.deporteseli.com\/index.php?rest_route=\/wp\/v2\/media\/55905"}],"wp:attachment":[{"href":"https:\/\/www.deporteseli.com\/index.php?rest_route=%2Fwp%2Fv2%2Fmedia&parent=42333"}],"wp:term":[{"taxonomy":"product_brand","embeddable":true,"href":"https:\/\/www.deporteseli.com\/index.php?rest_route=%2Fwp%2Fv2%2Fproduct_brand&post=42333"},{"taxonomy":"product_cat","embeddable":true,"href":"https:\/\/www.deporteseli.com\/index.php?rest_route=%2Fwp%2Fv2%2Fproduct_cat&post=42333"},{"taxonomy":"product_tag","embeddable":true,"href":"https:\/\/www.deporteseli.com\/index.php?rest_route=%2Fwp%2Fv2%2Fproduct_tag&post=42333"}],"curies":[{"name":"wp","href":"https:\/\/api.w.org\/{rel}","templated":true}]}}