{"id":42330,"date":"2026-01-27T19:38:36","date_gmt":"2026-01-27T19:38:36","guid":{"rendered":"https:\/\/www.deporteseli.com\/?product=pantalon-corto-b-club-3s"},"modified":"2026-03-07T05:57:21","modified_gmt":"2026-03-07T05:57:21","slug":"pantalon-corto-b-club-3s","status":"publish","type":"product","link":"https:\/\/www.deporteseli.com\/?product=pantalon-corto-b-club-3s","title":{"rendered":"PANTALON CORTO B CLUB 3S"},"content":{"rendered":"<p>Estilo y rendimiento en la pista de tenis. Este pantal\u00f3n corto de la colecci\u00f3n adidas Club para j\u00f3venes promesas se ha dise\u00f1ado para que nada te distraiga de tus objetivos. Combina la tecnolog\u00eda transpirable AEROREADY con paneles de malla que favorecen la ventilaci\u00f3n y te ayudan a concentrarte en tu juego. Las 3 bandas asim\u00e9tricas aportan un toque deportivo. Esta prenda se ha fabricado con un 100% de material reciclado. Su objetivo es plantear otra soluci\u00f3n m\u00e1s que ayude a eliminar los residuos pl\u00e1sticos.                                                                                                                                                                                                                                                                                                                                                                                                                                                                                                                                                                                                                                                                                                                                                                                                                                                                                                                                                                                                                                        <\/p>\n","protected":false},"excerpt":{"rendered":"<p>PANTALON CORTO B CLUB 3S<\/p>\n","protected":false},"featured_media":55901,"template":"","meta":[],"product_brand":[],"product_cat":[365],"product_tag":[18],"class_list":{"0":"post-42330","1":"product","2":"type-product","3":"status-publish","4":"has-post-thumbnail","6":"product_cat-padel_y_tenis_textil_shorts","7":"product_tag-adidas","8":"pa_color-negro","9":"pa_talla-t-12","10":"pa_talla-t-14","11":"thunk-woo-product-list","12":"opn-qv-enable","13":"open-woo-hover-","14":"open-single-product-tab-horizontal","15":"open-shadow-","16":"open-shadow-hover-","18":"first","19":"instock","20":"shipping-taxable","21":"purchasable","22":"product-type-variable"},"jetpack_sharing_enabled":true,"_links":{"self":[{"href":"https:\/\/www.deporteseli.com\/index.php?rest_route=\/wp\/v2\/product\/42330","targetHints":{"allow":["GET"]}}],"collection":[{"href":"https:\/\/www.deporteseli.com\/index.php?rest_route=\/wp\/v2\/product"}],"about":[{"href":"https:\/\/www.deporteseli.com\/index.php?rest_route=\/wp\/v2\/types\/product"}],"wp:featuredmedia":[{"embeddable":true,"href":"https:\/\/www.deporteseli.com\/index.php?rest_route=\/wp\/v2\/media\/55901"}],"wp:attachment":[{"href":"https:\/\/www.deporteseli.com\/index.php?rest_route=%2Fwp%2Fv2%2Fmedia&parent=42330"}],"wp:term":[{"taxonomy":"product_brand","embeddable":true,"href":"https:\/\/www.deporteseli.com\/index.php?rest_route=%2Fwp%2Fv2%2Fproduct_brand&post=42330"},{"taxonomy":"product_cat","embeddable":true,"href":"https:\/\/www.deporteseli.com\/index.php?rest_route=%2Fwp%2Fv2%2Fproduct_cat&post=42330"},{"taxonomy":"product_tag","embeddable":true,"href":"https:\/\/www.deporteseli.com\/index.php?rest_route=%2Fwp%2Fv2%2Fproduct_tag&post=42330"}],"curies":[{"name":"wp","href":"https:\/\/api.w.org\/{rel}","templated":true}]}}