{"id":42318,"date":"2026-01-27T19:38:20","date_gmt":"2026-01-27T19:38:20","guid":{"rendered":"https:\/\/www.deporteseli.com\/?product=zapatillas-courtjam-control-w"},"modified":"2026-01-27T19:38:24","modified_gmt":"2026-01-27T19:38:24","slug":"zapatillas-courtjam-control-w","status":"publish","type":"product","link":"https:\/\/www.deporteseli.com\/?product=zapatillas-courtjam-control-w","title":{"rendered":"ZAPATILLAS COURTJAM CONTROL W"},"content":{"rendered":"<p>Mejora tu juego con estas zapatillas de tenis para mujer impulsadas por el rendimiento. Dise\u00f1ados para ofrecer una estabilidad inigualable y el m\u00e1ximo control, los zapatos ofrecen una entresuela liviana y un sistema de cordones ghillie para un ajusteseguro. La goma Adiwear duradera proporciona una tracci\u00f3n excepcional, mientras que la amortiguaci\u00f3n Adiprene te mantiene c\u00f3modo mientras te mueves por la cancha.                                                                                                                                                                                                                                                                                                                                                                                                                                                                                                                                                                                                                                                                                                                                                                                                                                                                                                                                                                                                                                        <\/p>\n","protected":false},"excerpt":{"rendered":"<p>ZAPATILLAS COURTJAM CONTROL W<\/p>\n","protected":false},"featured_media":55886,"template":"","meta":[],"product_brand":[],"product_cat":[371],"product_tag":[18],"class_list":{"0":"post-42318","1":"product","2":"type-product","3":"status-publish","4":"has-post-thumbnail","6":"product_cat-padel_y_tenis_calzado","7":"product_tag-adidas","8":"pa_color-unico","9":"pa_talla-36-5","10":"pa_talla-145","11":"pa_talla-39-5","12":"thunk-woo-product-list","13":"opn-qv-enable","14":"open-woo-hover-","15":"open-single-product-tab-horizontal","16":"open-shadow-","17":"open-shadow-hover-","19":"first","20":"instock","21":"sale","22":"shipping-taxable","23":"purchasable","24":"product-type-variable"},"jetpack_sharing_enabled":true,"_links":{"self":[{"href":"https:\/\/www.deporteseli.com\/index.php?rest_route=\/wp\/v2\/product\/42318","targetHints":{"allow":["GET"]}}],"collection":[{"href":"https:\/\/www.deporteseli.com\/index.php?rest_route=\/wp\/v2\/product"}],"about":[{"href":"https:\/\/www.deporteseli.com\/index.php?rest_route=\/wp\/v2\/types\/product"}],"wp:featuredmedia":[{"embeddable":true,"href":"https:\/\/www.deporteseli.com\/index.php?rest_route=\/wp\/v2\/media\/55886"}],"wp:attachment":[{"href":"https:\/\/www.deporteseli.com\/index.php?rest_route=%2Fwp%2Fv2%2Fmedia&parent=42318"}],"wp:term":[{"taxonomy":"product_brand","embeddable":true,"href":"https:\/\/www.deporteseli.com\/index.php?rest_route=%2Fwp%2Fv2%2Fproduct_brand&post=42318"},{"taxonomy":"product_cat","embeddable":true,"href":"https:\/\/www.deporteseli.com\/index.php?rest_route=%2Fwp%2Fv2%2Fproduct_cat&post=42318"},{"taxonomy":"product_tag","embeddable":true,"href":"https:\/\/www.deporteseli.com\/index.php?rest_route=%2Fwp%2Fv2%2Fproduct_tag&post=42318"}],"curies":[{"name":"wp","href":"https:\/\/api.w.org\/{rel}","templated":true}]}}