{"id":42304,"date":"2026-01-27T19:38:03","date_gmt":"2026-01-27T19:38:03","guid":{"rendered":"https:\/\/www.deporteseli.com\/?product=zapatillas-adizero-ubersonic-4-1-m"},"modified":"2026-01-27T19:38:04","modified_gmt":"2026-01-27T19:38:04","slug":"zapatillas-adizero-ubersonic-4-1-m","status":"publish","type":"product","link":"https:\/\/www.deporteseli.com\/?product=zapatillas-adizero-ubersonic-4-1-m","title":{"rendered":"ZAPATILLAS ADIZERO UBERSONIC 4.1 M"},"content":{"rendered":"<p>La m\u00e1xima expresi\u00f3n de velocidad en una cancha de tenis. Estos zapatos adidas Adizero Ubersonic admiten movimientos laterales extremos con una parte superior de malla liviana y reforzada. Debajo, una entresuela de respuesta Lightstrike y una suela Adiwear con agarre se combinan para respaldar el juego instintivo en canchas duras. Las \u00e1reas propensas a la abrasi\u00f3n est\u00e1n cubiertas con una zona de abrasi\u00f3n Adituff que incluye material BOOST reciclado para que puedas hacer todo lo posible, juego tras juego. La parte superior de este zapato est\u00e1 hecha con un hilo de alto rendimiento que contiene al menos un 50 % de Parley Ocean Plastic: desechos pl\u00e1sticos reinventados, interceptados en islas remotas, playas, comunidades costeras y costas.                                                                                                                                                                                                                                                                                                                                                                                                                                                                                                                                                                                                                                                                                                                                                                                                                                                                                                                                                                                                                                        <\/p>\n","protected":false},"excerpt":{"rendered":"<p>ZAPATILLAS ADIZERO UBERSONIC 4.1 M<\/p>\n","protected":false},"featured_media":55871,"template":"","meta":[],"product_brand":[],"product_cat":[371],"product_tag":[18],"class_list":{"0":"post-42304","1":"product","2":"type-product","3":"status-publish","4":"has-post-thumbnail","6":"product_cat-padel_y_tenis_calzado","7":"product_tag-adidas","8":"pa_color-unico","9":"pa_talla-42-5","10":"thunk-woo-product-list","11":"opn-qv-enable","12":"open-woo-hover-","13":"open-single-product-tab-horizontal","14":"open-shadow-","15":"open-shadow-hover-","17":"first","18":"instock","19":"sale","20":"shipping-taxable","21":"purchasable","22":"product-type-variable"},"jetpack_sharing_enabled":true,"_links":{"self":[{"href":"https:\/\/www.deporteseli.com\/index.php?rest_route=\/wp\/v2\/product\/42304","targetHints":{"allow":["GET"]}}],"collection":[{"href":"https:\/\/www.deporteseli.com\/index.php?rest_route=\/wp\/v2\/product"}],"about":[{"href":"https:\/\/www.deporteseli.com\/index.php?rest_route=\/wp\/v2\/types\/product"}],"wp:featuredmedia":[{"embeddable":true,"href":"https:\/\/www.deporteseli.com\/index.php?rest_route=\/wp\/v2\/media\/55871"}],"wp:attachment":[{"href":"https:\/\/www.deporteseli.com\/index.php?rest_route=%2Fwp%2Fv2%2Fmedia&parent=42304"}],"wp:term":[{"taxonomy":"product_brand","embeddable":true,"href":"https:\/\/www.deporteseli.com\/index.php?rest_route=%2Fwp%2Fv2%2Fproduct_brand&post=42304"},{"taxonomy":"product_cat","embeddable":true,"href":"https:\/\/www.deporteseli.com\/index.php?rest_route=%2Fwp%2Fv2%2Fproduct_cat&post=42304"},{"taxonomy":"product_tag","embeddable":true,"href":"https:\/\/www.deporteseli.com\/index.php?rest_route=%2Fwp%2Fv2%2Fproduct_tag&post=42304"}],"curies":[{"name":"wp","href":"https:\/\/api.w.org\/{rel}","templated":true}]}}