{"id":42294,"date":"2026-01-27T19:37:50","date_gmt":"2026-01-27T19:37:50","guid":{"rendered":"https:\/\/www.deporteseli.com\/?product=gel-sonoma-7-gtx"},"modified":"2026-01-27T19:37:52","modified_gmt":"2026-01-27T19:37:52","slug":"gel-sonoma-7-gtx","status":"publish","type":"product","link":"https:\/\/www.deporteseli.com\/?product=gel-sonoma-7-gtx","title":{"rendered":"GEL-SONOMA 7 GTX"},"content":{"rendered":"<p>La zapatilla GEL-SONOMA 7 GTX se ha dise\u00f1ado para disfrutar al aire libre. Se ha dise\u00f1ado con una membrana GORE-TEX que mantiene tus pies calientes y secos cuando corres en condiciones de humedad.    La comodidad bajo los pies se debe a la mediasuela completa AMPLIFOAM y la pieza de tecnolog\u00eda GEL situada estrat\u00e9gicamente en las zonas con m\u00e1s amortiguaci\u00f3n.    La suela de trail es muy eficaz en la tracci\u00f3n avanzada. Su patr\u00f3n ofrece una pisada segura en los tramos de ascenso y descenso de terrenos dif\u00edciles.    Neutra  Tipo de pie  Arco de tama\u00f1o est\u00e1ndar  Empuje  La distribuci\u00f3n desde el antepi\u00e9 est\u00e1 equilibrada.  C\u00f3mo entra en contacto el pie con el suelo  El pie aterriza sobre la parte exterior del tal\u00f3n y se desplaza hacia dentro (pronaci\u00f3n) para absorber los impactos y soportar el peso corporal.                                                                                                                                                                                                                                                                                                                                                                                                                                                                                                                                                                                                                                                                                                                                                                                                                                                                                                                                                                                                                                        <\/p>\n","protected":false},"excerpt":{"rendered":"<p>GEL-SONOMA 7 GTX<\/p>\n","protected":false},"featured_media":55855,"template":"","meta":[],"product_brand":[],"product_cat":[260],"product_tag":[19],"class_list":{"0":"post-42294","1":"product","2":"type-product","3":"status-publish","4":"has-post-thumbnail","6":"product_cat-hombre_calzado_trail","7":"product_tag-asics","8":"pa_color-unico","9":"pa_talla-41-5","10":"thunk-woo-product-list","11":"opn-qv-enable","12":"open-woo-hover-","13":"open-single-product-tab-horizontal","14":"open-shadow-","15":"open-shadow-hover-","17":"first","18":"instock","19":"sale","20":"shipping-taxable","21":"purchasable","22":"product-type-variable"},"jetpack_sharing_enabled":true,"_links":{"self":[{"href":"https:\/\/www.deporteseli.com\/index.php?rest_route=\/wp\/v2\/product\/42294","targetHints":{"allow":["GET"]}}],"collection":[{"href":"https:\/\/www.deporteseli.com\/index.php?rest_route=\/wp\/v2\/product"}],"about":[{"href":"https:\/\/www.deporteseli.com\/index.php?rest_route=\/wp\/v2\/types\/product"}],"wp:featuredmedia":[{"embeddable":true,"href":"https:\/\/www.deporteseli.com\/index.php?rest_route=\/wp\/v2\/media\/55855"}],"wp:attachment":[{"href":"https:\/\/www.deporteseli.com\/index.php?rest_route=%2Fwp%2Fv2%2Fmedia&parent=42294"}],"wp:term":[{"taxonomy":"product_brand","embeddable":true,"href":"https:\/\/www.deporteseli.com\/index.php?rest_route=%2Fwp%2Fv2%2Fproduct_brand&post=42294"},{"taxonomy":"product_cat","embeddable":true,"href":"https:\/\/www.deporteseli.com\/index.php?rest_route=%2Fwp%2Fv2%2Fproduct_cat&post=42294"},{"taxonomy":"product_tag","embeddable":true,"href":"https:\/\/www.deporteseli.com\/index.php?rest_route=%2Fwp%2Fv2%2Fproduct_tag&post=42294"}],"curies":[{"name":"wp","href":"https:\/\/api.w.org\/{rel}","templated":true}]}}