{"id":42291,"date":"2026-01-27T19:37:46","date_gmt":"2026-01-27T19:37:46","guid":{"rendered":"https:\/\/www.deporteseli.com\/?product=camiseta-primera-equipacion-real-madrid-24-25"},"modified":"2026-01-27T19:37:49","modified_gmt":"2026-01-27T19:37:49","slug":"camiseta-primera-equipacion-real-madrid-24-25","status":"publish","type":"product","link":"https:\/\/www.deporteseli.com\/?product=camiseta-primera-equipacion-real-madrid-24-25","title":{"rendered":"CAMISETA PRIMERA EQUIPACI\u00f3N REAL MADRID 24\/25"},"content":{"rendered":"<p>DESCRIPCI\u00d3N  Cuando adidas dise\u00f1\u00f3 la primera equipaci\u00f3n del Real Madrid, se sumergi\u00f3 en las tradiciones populares de la famosa ciudad del club. Esta camiseta de f\u00fatbol para j\u00f3venes promesas luce un estampado de pata de gallo inspirado en el traje de chulapo, t\u00edpico de las fiestas de San Isidro. Presenta la tecnolog\u00eda transpirable AEROREADY y el escudo del club cosido en el pecho como muestra de tu apoyo incondicional.  Este producto se ha fabricado con un 100% de materiales reciclados. Utilizando materiales reciclados, reducimos los residuos, nuestra dependencia de los recursos finitos y la huella que generan los productos que fabricamos.  Corte cl\u00e1sico  Cuello redondo  Interlock 100% poli\u00e9ster reciclado  AEROREADY  Inserciones laterales de malla  Escudo del Real Madrid cosido  Color del art\u00edculo: White  N\u00famero de art\u00edculo: IT5186                                                                                                                                                                                                                                                                                                                                                                                                                                                                                                                                                                                                                                                                                                                                                                                                                                                                                                                                                                                                                                        <\/p>\n","protected":false},"excerpt":{"rendered":"<p>CAMISETA PRIMERA EQUIPACI\u00f3N REAL MADRID 24\/25<\/p>\n","protected":false},"featured_media":55853,"template":"","meta":[],"product_brand":[],"product_cat":[296],"product_tag":[18],"class_list":{"0":"post-42291","1":"product","2":"type-product","3":"status-publish","4":"has-post-thumbnail","6":"product_cat-nino_textil_camisetas","7":"product_tag-adidas","8":"pa_color-unico","9":"pa_talla-t-12","10":"pa_talla-t-8","11":"thunk-woo-product-list","12":"opn-qv-enable","13":"open-woo-hover-","14":"open-single-product-tab-horizontal","15":"open-shadow-","16":"open-shadow-hover-","18":"first","19":"instock","20":"sale","21":"shipping-taxable","22":"purchasable","23":"product-type-variable"},"jetpack_sharing_enabled":true,"_links":{"self":[{"href":"https:\/\/www.deporteseli.com\/index.php?rest_route=\/wp\/v2\/product\/42291","targetHints":{"allow":["GET"]}}],"collection":[{"href":"https:\/\/www.deporteseli.com\/index.php?rest_route=\/wp\/v2\/product"}],"about":[{"href":"https:\/\/www.deporteseli.com\/index.php?rest_route=\/wp\/v2\/types\/product"}],"wp:featuredmedia":[{"embeddable":true,"href":"https:\/\/www.deporteseli.com\/index.php?rest_route=\/wp\/v2\/media\/55853"}],"wp:attachment":[{"href":"https:\/\/www.deporteseli.com\/index.php?rest_route=%2Fwp%2Fv2%2Fmedia&parent=42291"}],"wp:term":[{"taxonomy":"product_brand","embeddable":true,"href":"https:\/\/www.deporteseli.com\/index.php?rest_route=%2Fwp%2Fv2%2Fproduct_brand&post=42291"},{"taxonomy":"product_cat","embeddable":true,"href":"https:\/\/www.deporteseli.com\/index.php?rest_route=%2Fwp%2Fv2%2Fproduct_cat&post=42291"},{"taxonomy":"product_tag","embeddable":true,"href":"https:\/\/www.deporteseli.com\/index.php?rest_route=%2Fwp%2Fv2%2Fproduct_tag&post=42291"}],"curies":[{"name":"wp","href":"https:\/\/api.w.org\/{rel}","templated":true}]}}