{"id":42283,"date":"2026-01-27T19:37:35","date_gmt":"2026-01-27T19:37:35","guid":{"rendered":"https:\/\/www.deporteseli.com\/?product=miniconjunto-primera-equip-real-madrid-24-25"},"modified":"2026-04-08T04:17:35","modified_gmt":"2026-04-08T04:17:35","slug":"miniconjunto-primera-equip-real-madrid-24-25","status":"publish","type":"product","link":"https:\/\/www.deporteseli.com\/?product=miniconjunto-primera-equip-real-madrid-24-25","title":{"rendered":"MINICONJUNTO PRIMERA EQUIP. REAL MADRID 24\/25"},"content":{"rendered":"<p>DESPIERTA SU ORGULLO MADRIDISTA  Los j\u00f3venes madridistas ya pueden mostrar su apoyo incondicional a los blancos all\u00e1 donde vayan. Este conjunto adidas del Real Madrid es perfecto para que tu peque se sienta parte del equipo. La tecnolog\u00eda transpirable AEROREADY mantiene la piel seca mientras juega o anima a sus \u00eddolos. Los legendarios colores de la primera equipaci\u00f3n y los dos escudos reflejan su precoz compromiso con el club.    Este producto contiene al menos un 70% de materiales reciclados. Utilizando materiales reciclados, reducimos los residuos, nuestra dependencia de los recursos finitos y la huella que generan los productos que fabricamos.  Corte cl\u00e1sico  Cuello de pico  Interlock 100% poli\u00e9ster reciclado  AEROREADY  Camiseta: inserciones laterales de malla  Pantal\u00f3n corto: cintura el\u00e1stica con cord\u00f3n  Escudo del Real Madrid termotransferido  Color del art\u00edculo: White  N\u00famero de art\u00edculo: IT5175                                                                                                                                                                                                                                                                                                                                                                                                                                                                                                                                                                                                                                                                                                                                                                                                                                                                                                                                                                                                                                        <\/p>\n","protected":false},"excerpt":{"rendered":"<p>MINICONJUNTO PRIMERA EQUIP. REAL MADRID 24\/25<\/p>\n","protected":false},"featured_media":55844,"template":"","meta":[],"product_brand":[],"product_cat":[297],"product_tag":[18],"class_list":{"0":"post-42283","1":"product","2":"type-product","3":"status-publish","4":"has-post-thumbnail","6":"product_cat-nino_textil_conjuntos","7":"product_tag-adidas","8":"pa_color-blanco","9":"pa_talla-169","10":"pa_talla-170","11":"thunk-woo-product-list","12":"opn-qv-enable","13":"open-woo-hover-","14":"open-single-product-tab-horizontal","15":"open-shadow-","16":"open-shadow-hover-","18":"first","19":"instock","20":"sale","21":"shipping-taxable","22":"purchasable","23":"product-type-variable"},"jetpack_sharing_enabled":true,"_links":{"self":[{"href":"https:\/\/www.deporteseli.com\/index.php?rest_route=\/wp\/v2\/product\/42283","targetHints":{"allow":["GET"]}}],"collection":[{"href":"https:\/\/www.deporteseli.com\/index.php?rest_route=\/wp\/v2\/product"}],"about":[{"href":"https:\/\/www.deporteseli.com\/index.php?rest_route=\/wp\/v2\/types\/product"}],"wp:featuredmedia":[{"embeddable":true,"href":"https:\/\/www.deporteseli.com\/index.php?rest_route=\/wp\/v2\/media\/55844"}],"wp:attachment":[{"href":"https:\/\/www.deporteseli.com\/index.php?rest_route=%2Fwp%2Fv2%2Fmedia&parent=42283"}],"wp:term":[{"taxonomy":"product_brand","embeddable":true,"href":"https:\/\/www.deporteseli.com\/index.php?rest_route=%2Fwp%2Fv2%2Fproduct_brand&post=42283"},{"taxonomy":"product_cat","embeddable":true,"href":"https:\/\/www.deporteseli.com\/index.php?rest_route=%2Fwp%2Fv2%2Fproduct_cat&post=42283"},{"taxonomy":"product_tag","embeddable":true,"href":"https:\/\/www.deporteseli.com\/index.php?rest_route=%2Fwp%2Fv2%2Fproduct_tag&post=42283"}],"curies":[{"name":"wp","href":"https:\/\/api.w.org\/{rel}","templated":true}]}}