{"id":42279,"date":"2026-01-27T19:37:30","date_gmt":"2026-01-27T19:37:30","guid":{"rendered":"https:\/\/www.deporteseli.com\/?product=zapatilla-response-super"},"modified":"2026-03-10T05:21:54","modified_gmt":"2026-03-10T05:21:54","slug":"zapatilla-response-super","status":"publish","type":"product","link":"https:\/\/www.deporteseli.com\/?product=zapatilla-response-super","title":{"rendered":"ZAPATILLA RESPONSE SUPER"},"content":{"rendered":"<p>NADA PUEDE DETENERNOS  Sea cual sea el ritmo o la distancia, si\u00e9ntete fuerte hasta cruzar la l\u00ednea de meta con esta zapatilla de running adidas. La mediasuela Dreamstrike  ligera aporta mayor amortiguaci\u00f3n y comodidad a tu zancada. El empeine de monomalla transpirable mantiene los pies frescos en todo momento. Las inserciones de goma en la suela proporcionan agarre en una gran variedad de superficies para que acumules kil\u00f3metros con total confianza.    Este producto contiene al menos un 20% de materiales reciclados. Utilizando materiales reciclados, reducimos los residuos, nuestra dependencia de los recursos finitos y la huella que generan los productos que fabricamos.  Horma cl\u00e1sica  Cierre de cordones  Empeine de monomalla  Forro textil  Plantilla OrthoLite\u00ae  Mediasuela Dreamstrike   Peso: 320 g (talla 42 2\/3)  Inserciones de goma en la suela para un mejor agarre  Contiene al menos un 20% de material reciclado  Color del art\u00edculo: Cloud White \/ Zero Metalic \/ Lucid Lemon  N\u00famero de art\u00edculo: JI4317                                                                                                                                                                                                                                                                                                                                                                                                                                                                                                                                                                                                                                                                                                                                                                                                                                                                                                                                                                                                                                        <\/p>\n","protected":false},"excerpt":{"rendered":"<p>ZAPATILLA RESPONSE SUPER<\/p>\n","protected":false},"featured_media":55840,"template":"","meta":[],"product_brand":[],"product_cat":[259],"product_tag":[18],"class_list":{"0":"post-42279","1":"product","2":"type-product","3":"status-publish","4":"has-post-thumbnail","6":"product_cat-hombre_calzado_running","7":"product_tag-adidas","8":"pa_color-unico","9":"pa_talla-41-5","10":"pa_talla-153","11":"pa_talla-42-5","12":"pa_talla-157","13":"thunk-woo-product-list","14":"opn-qv-enable","15":"open-woo-hover-","16":"open-single-product-tab-horizontal","17":"open-shadow-","18":"open-shadow-hover-","20":"first","21":"instock","22":"sale","23":"shipping-taxable","24":"purchasable","25":"product-type-variable"},"jetpack_sharing_enabled":true,"_links":{"self":[{"href":"https:\/\/www.deporteseli.com\/index.php?rest_route=\/wp\/v2\/product\/42279","targetHints":{"allow":["GET"]}}],"collection":[{"href":"https:\/\/www.deporteseli.com\/index.php?rest_route=\/wp\/v2\/product"}],"about":[{"href":"https:\/\/www.deporteseli.com\/index.php?rest_route=\/wp\/v2\/types\/product"}],"wp:featuredmedia":[{"embeddable":true,"href":"https:\/\/www.deporteseli.com\/index.php?rest_route=\/wp\/v2\/media\/55840"}],"wp:attachment":[{"href":"https:\/\/www.deporteseli.com\/index.php?rest_route=%2Fwp%2Fv2%2Fmedia&parent=42279"}],"wp:term":[{"taxonomy":"product_brand","embeddable":true,"href":"https:\/\/www.deporteseli.com\/index.php?rest_route=%2Fwp%2Fv2%2Fproduct_brand&post=42279"},{"taxonomy":"product_cat","embeddable":true,"href":"https:\/\/www.deporteseli.com\/index.php?rest_route=%2Fwp%2Fv2%2Fproduct_cat&post=42279"},{"taxonomy":"product_tag","embeddable":true,"href":"https:\/\/www.deporteseli.com\/index.php?rest_route=%2Fwp%2Fv2%2Fproduct_tag&post=42279"}],"curies":[{"name":"wp","href":"https:\/\/api.w.org\/{rel}","templated":true}]}}