{"id":42260,"date":"2026-01-27T19:37:07","date_gmt":"2026-01-27T19:37:07","guid":{"rendered":"https:\/\/www.deporteseli.com\/?product=calcetines-clasicos-performance-cushioned-2"},"modified":"2026-02-16T07:50:14","modified_gmt":"2026-02-16T07:50:14","slug":"calcetines-clasicos-performance-cushioned-2","status":"publish","type":"product","link":"https:\/\/www.deporteseli.com\/?product=calcetines-clasicos-performance-cushioned-2","title":{"rendered":"CALCETINES CL\u00e1SICOS PERFORMANCE CUSHIONED"},"content":{"rendered":"<p>CONFORT, RENDIMIENTO Y VERSATILIDAD  Hay detalles que te ayudan a darlo todo en cada entrenamiento. Ponte estos calcetines cl\u00e1sicos y rinde al m\u00e1ximo durante toda la sesi\u00f3n. Las inserciones de malla favorecen el flujo de aire y la tecnolog\u00eda transpirable AEROREADY mantiene los pies c\u00f3modos y secos. Las zonas flexibles y el refuerzo en el arco plantar te permiten moverte con total libertad. Cada paquete incluye tres pares.    Este producto contiene al menos un 50% de materiales reciclados y renovables.  Largo cl\u00e1sico  Punto 50% algod\u00f3n \/ 50% poli\u00e9ster reciclado  Inserciones de malla que favorecen la ventilaci\u00f3n  Tres pares por paquete  AEROREADY  Refuerzo en el arco plantar  Paneles acolchados en la puntera y el tal\u00f3n  Zonas flexibles y costuras planas en la puntera  Color del art\u00edculo: Black \/ Black \/ Black  N\u00famero de art\u00edculo: IC9521                                                                                                                                                                                                                                                                                                                                                                                                                                                                                                                                                                                                                                                                                                                                                                                                                                                                                                                                                                                                                                        <\/p>\n","protected":false},"excerpt":{"rendered":"<p>CALCETINES CL\u00e1SICOS PERFORMANCE CUSHIONED<\/p>\n","protected":false},"featured_media":55833,"template":"","meta":[],"product_brand":[],"product_cat":[400],"product_tag":[18],"class_list":{"0":"post-42260","1":"product","2":"type-product","3":"status-publish","4":"has-post-thumbnail","6":"product_cat-accesorios_calcetines","7":"product_tag-adidas","8":"pa_color-unico","9":"pa_talla-l","10":"pa_talla-m","11":"pa_talla-s","12":"pa_talla-t-14","13":"pa_talla-xl","14":"pa_talla-xs","15":"thunk-woo-product-list","16":"opn-qv-enable","17":"open-woo-hover-","18":"open-single-product-tab-horizontal","19":"open-shadow-","20":"open-shadow-hover-","22":"first","23":"instock","24":"shipping-taxable","25":"purchasable","26":"product-type-variable"},"jetpack_sharing_enabled":true,"_links":{"self":[{"href":"https:\/\/www.deporteseli.com\/index.php?rest_route=\/wp\/v2\/product\/42260","targetHints":{"allow":["GET"]}}],"collection":[{"href":"https:\/\/www.deporteseli.com\/index.php?rest_route=\/wp\/v2\/product"}],"about":[{"href":"https:\/\/www.deporteseli.com\/index.php?rest_route=\/wp\/v2\/types\/product"}],"wp:featuredmedia":[{"embeddable":true,"href":"https:\/\/www.deporteseli.com\/index.php?rest_route=\/wp\/v2\/media\/55833"}],"wp:attachment":[{"href":"https:\/\/www.deporteseli.com\/index.php?rest_route=%2Fwp%2Fv2%2Fmedia&parent=42260"}],"wp:term":[{"taxonomy":"product_brand","embeddable":true,"href":"https:\/\/www.deporteseli.com\/index.php?rest_route=%2Fwp%2Fv2%2Fproduct_brand&post=42260"},{"taxonomy":"product_cat","embeddable":true,"href":"https:\/\/www.deporteseli.com\/index.php?rest_route=%2Fwp%2Fv2%2Fproduct_cat&post=42260"},{"taxonomy":"product_tag","embeddable":true,"href":"https:\/\/www.deporteseli.com\/index.php?rest_route=%2Fwp%2Fv2%2Fproduct_tag&post=42260"}],"curies":[{"name":"wp","href":"https:\/\/api.w.org\/{rel}","templated":true}]}}