{"id":42257,"date":"2026-01-27T19:37:04","date_gmt":"2026-01-27T19:37:04","guid":{"rendered":"https:\/\/www.deporteseli.com\/?product=calcetines-clasicos-cushioned-3-bandas"},"modified":"2026-03-29T04:17:53","modified_gmt":"2026-03-29T04:17:53","slug":"calcetines-clasicos-cushioned-3-bandas","status":"publish","type":"product","link":"https:\/\/www.deporteseli.com\/?product=calcetines-clasicos-cushioned-3-bandas","title":{"rendered":"CALCETINES CL\u00e1SICOS CUSHIONED 3 BANDAS"},"content":{"rendered":"<p>COMODIDAD Y ESTILO PARA TUS PIES  Cuida tus pies y el resto vendr\u00e1 solo. Estos calcetines cl\u00e1sicos de adidas se han confeccionado en un tejido suave y el\u00e1stico con mezcla de algod\u00f3n que te ofrece una gran comodidad durante todo el d\u00eda. Su dise\u00f1o ajustado en el arco plantar y acolchado en el tal\u00f3n y la puntera se adapta a todo tipo de deportistas.    Este producto contiene al menos un 70% de materiales reciclados y renovables.  Largo cl\u00e1sico  62% algod\u00f3n \/ 36% poli\u00e9ster reciclado \/ 1% elast\u00e1n \/ 1% nailon reciclado  Tres pares por paquete  Paneles acolchados en la puntera y el tal\u00f3n  Refuerzo en el arco plantar  Costuras anat\u00f3micas en la puntera  Color del art\u00edculo: Black \/ White  N\u00famero de art\u00edculo: IC1321                                                                                                                                                                                                                                                                                                                                                                                                                                                                                                                                                                                                                                                                                                                                                                                                                                                                                                                                                                                                                                        <\/p>\n","protected":false},"excerpt":{"rendered":"<p>CALCETINES CL\u00e1SICOS CUSHIONED 3 BANDAS<\/p>\n","protected":false},"featured_media":55830,"template":"","meta":[],"product_brand":[],"product_cat":[400],"product_tag":[18],"class_list":{"0":"post-42257","1":"product","2":"type-product","3":"status-publish","4":"has-post-thumbnail","6":"product_cat-accesorios_calcetines","7":"product_tag-adidas","8":"pa_color-negro","9":"pa_talla-39-42","10":"pa_talla-43-46","11":"thunk-woo-product-list","12":"opn-qv-enable","13":"open-woo-hover-","14":"open-single-product-tab-horizontal","15":"open-shadow-","16":"open-shadow-hover-","18":"first","19":"instock","20":"shipping-taxable","21":"purchasable","22":"product-type-variable"},"jetpack_sharing_enabled":true,"_links":{"self":[{"href":"https:\/\/www.deporteseli.com\/index.php?rest_route=\/wp\/v2\/product\/42257","targetHints":{"allow":["GET"]}}],"collection":[{"href":"https:\/\/www.deporteseli.com\/index.php?rest_route=\/wp\/v2\/product"}],"about":[{"href":"https:\/\/www.deporteseli.com\/index.php?rest_route=\/wp\/v2\/types\/product"}],"wp:featuredmedia":[{"embeddable":true,"href":"https:\/\/www.deporteseli.com\/index.php?rest_route=\/wp\/v2\/media\/55830"}],"wp:attachment":[{"href":"https:\/\/www.deporteseli.com\/index.php?rest_route=%2Fwp%2Fv2%2Fmedia&parent=42257"}],"wp:term":[{"taxonomy":"product_brand","embeddable":true,"href":"https:\/\/www.deporteseli.com\/index.php?rest_route=%2Fwp%2Fv2%2Fproduct_brand&post=42257"},{"taxonomy":"product_cat","embeddable":true,"href":"https:\/\/www.deporteseli.com\/index.php?rest_route=%2Fwp%2Fv2%2Fproduct_cat&post=42257"},{"taxonomy":"product_tag","embeddable":true,"href":"https:\/\/www.deporteseli.com\/index.php?rest_route=%2Fwp%2Fv2%2Fproduct_tag&post=42257"}],"curies":[{"name":"wp","href":"https:\/\/api.w.org\/{rel}","templated":true}]}}