{"id":42253,"date":"2026-01-27T19:36:59","date_gmt":"2026-01-27T19:36:59","guid":{"rendered":"https:\/\/www.deporteseli.com\/?product=gorra-adidas-iy7795"},"modified":"2026-01-27T19:37:03","modified_gmt":"2026-01-27T19:37:03","slug":"gorra-adidas-iy7795","status":"publish","type":"product","link":"https:\/\/www.deporteseli.com\/?product=gorra-adidas-iy7795","title":{"rendered":"GORRA ADIDAS IY7795"},"content":{"rendered":"<p>GORRA PARA NI\u00d1OS  UNA GORRA DIVERTIDA FABRICADA EN PARTE CON UNA MEZCLA DE MATERIALES RECICLADOS Y RENOVABLES.  Ya sea que est\u00e9n jugando al f\u00fatbol o simplemente pasando el rato, esta gorra adidas para ni\u00f1os les permite expresarse. La sarga de algod\u00f3n y el logotipo bordado le dan un aspecto cl\u00e1sico y deportivo. Al elegir materiales reciclados, podemos reutilizar materiales que ya se han creado, lo que ayuda a reducir los desechos. La elecci\u00f3n de materiales renovables nos ayudar\u00e1 a eliminar nuestra dependencia de recursos finitos. Nuestros productos fabricados con una mezcla de materiales reciclados y renovables contienen al menos un 50 % del total de estos materiales.  Talla \u00fanica para j\u00f3venes  100% algod\u00f3n  Ala precurvada  Cierre ajustable a presi\u00f3n  Construcci\u00f3n de cinco paneles  Detalles bordados  Contiene un m\u00ednimo de 50% de contenido reciclado y renovable.                                                                                                                                                                                                                                                                                                                                                                                                                                                                                                                                                                                                                                                                                                                                                                                                                                                                                                                                                                                                                                        <\/p>\n","protected":false},"excerpt":{"rendered":"<p>GORRA ADIDAS IY7795<\/p>\n","protected":false},"featured_media":55826,"template":"","meta":[],"product_brand":[],"product_cat":[399],"product_tag":[18],"class_list":{"0":"post-42253","1":"product","2":"type-product","3":"status-publish","4":"has-post-thumbnail","6":"product_cat-accesorios_gorras","7":"product_tag-adidas","8":"pa_color-negro","9":"pa_color-unico","10":"pa_talla-m","11":"pa_talla-s","12":"pa_talla-xs","13":"thunk-woo-product-list","14":"opn-qv-enable","15":"open-woo-hover-","16":"open-single-product-tab-horizontal","17":"open-shadow-","18":"open-shadow-hover-","20":"first","21":"instock","22":"shipping-taxable","23":"purchasable","24":"product-type-variable"},"jetpack_sharing_enabled":true,"_links":{"self":[{"href":"https:\/\/www.deporteseli.com\/index.php?rest_route=\/wp\/v2\/product\/42253","targetHints":{"allow":["GET"]}}],"collection":[{"href":"https:\/\/www.deporteseli.com\/index.php?rest_route=\/wp\/v2\/product"}],"about":[{"href":"https:\/\/www.deporteseli.com\/index.php?rest_route=\/wp\/v2\/types\/product"}],"wp:featuredmedia":[{"embeddable":true,"href":"https:\/\/www.deporteseli.com\/index.php?rest_route=\/wp\/v2\/media\/55826"}],"wp:attachment":[{"href":"https:\/\/www.deporteseli.com\/index.php?rest_route=%2Fwp%2Fv2%2Fmedia&parent=42253"}],"wp:term":[{"taxonomy":"product_brand","embeddable":true,"href":"https:\/\/www.deporteseli.com\/index.php?rest_route=%2Fwp%2Fv2%2Fproduct_brand&post=42253"},{"taxonomy":"product_cat","embeddable":true,"href":"https:\/\/www.deporteseli.com\/index.php?rest_route=%2Fwp%2Fv2%2Fproduct_cat&post=42253"},{"taxonomy":"product_tag","embeddable":true,"href":"https:\/\/www.deporteseli.com\/index.php?rest_route=%2Fwp%2Fv2%2Fproduct_tag&post=42253"}],"curies":[{"name":"wp","href":"https:\/\/api.w.org\/{rel}","templated":true}]}}