{"id":42234,"date":"2026-01-27T19:36:34","date_gmt":"2026-01-27T19:36:34","guid":{"rendered":"https:\/\/www.deporteseli.com\/?product=bota-de-futbol-predator-league-multisuperfici-2"},"modified":"2026-01-27T19:36:43","modified_gmt":"2026-01-27T19:36:43","slug":"bota-de-futbol-predator-league-multisuperfici-2","status":"publish","type":"product","link":"https:\/\/www.deporteseli.com\/?product=bota-de-futbol-predator-league-multisuperfici-2","title":{"rendered":"BOTA DE F\u00faTBOL PREDATOR LEAGUE MULTISUPERFICI"},"content":{"rendered":"<p>GANAR ES EL TRATO  Cuando tienes la porter\u00eda a tiro, adidas Predator convierte la presi\u00f3n en una precisi\u00f3n milim\u00e9trica. Esta bota de f\u00fatbol presenta un empeine Hybridfeel con textura en relieve e inserciones Strikescale de gran agarre que contribuyen a mejorar tu punter\u00eda en cada remate. La suela vers\u00e1til te permite desplegar tu mejor juego en una gran variedad de superficies.    Al elegir materiales reciclados, podemos dar nueva vida a materiales que ya se han utilizado, lo que contribuye a reducir los residuos. La utilizaci\u00f3n de materiales renovables nos ayuda a acabar con nuestra dependencia de los recursos finitos. Nuestros productos fabricados con materiales reciclados y renovables contienen al menos un 20% de estos materiales.  Horma cl\u00e1sica  Cierre de cordones  Empeine Hybridfeel con inserciones Strikescale  Suela multisuperficie  Contiene al menos un 20% de material reciclado y renovable  Color del art\u00edculo: Lucid Blue \/ Cloud White \/ Solar Red  N\u00famero de art\u00edculo: IF6382                                                                                                                                                                                                                                                                                                                                                                                                                                                                                                                                                                                                                                                                                                                                                                                                                                                                                                                                                                                                                                        <\/p>\n","protected":false},"excerpt":{"rendered":"<p>BOTA DE F\u00faTBOL PREDATOR LEAGUE MULTISUPERFICI<\/p>\n","protected":false},"featured_media":55806,"template":"","meta":[],"product_brand":[],"product_cat":[318],"product_tag":[18],"class_list":{"0":"post-42234","1":"product","2":"type-product","3":"status-publish","4":"has-post-thumbnail","6":"product_cat-deportes_futbol_botas","7":"product_tag-adidas","8":"pa_color-unico","9":"pa_talla-41-5","10":"pa_talla-153","11":"pa_talla-42-5","12":"pa_talla-43-5","13":"pa_talla-45-5","14":"pa_talla-161","15":"thunk-woo-product-list","16":"opn-qv-enable","17":"open-woo-hover-","18":"open-single-product-tab-horizontal","19":"open-shadow-","20":"open-shadow-hover-","22":"first","23":"instock","24":"sale","25":"shipping-taxable","26":"purchasable","27":"product-type-variable"},"jetpack_sharing_enabled":true,"_links":{"self":[{"href":"https:\/\/www.deporteseli.com\/index.php?rest_route=\/wp\/v2\/product\/42234","targetHints":{"allow":["GET"]}}],"collection":[{"href":"https:\/\/www.deporteseli.com\/index.php?rest_route=\/wp\/v2\/product"}],"about":[{"href":"https:\/\/www.deporteseli.com\/index.php?rest_route=\/wp\/v2\/types\/product"}],"wp:featuredmedia":[{"embeddable":true,"href":"https:\/\/www.deporteseli.com\/index.php?rest_route=\/wp\/v2\/media\/55806"}],"wp:attachment":[{"href":"https:\/\/www.deporteseli.com\/index.php?rest_route=%2Fwp%2Fv2%2Fmedia&parent=42234"}],"wp:term":[{"taxonomy":"product_brand","embeddable":true,"href":"https:\/\/www.deporteseli.com\/index.php?rest_route=%2Fwp%2Fv2%2Fproduct_brand&post=42234"},{"taxonomy":"product_cat","embeddable":true,"href":"https:\/\/www.deporteseli.com\/index.php?rest_route=%2Fwp%2Fv2%2Fproduct_cat&post=42234"},{"taxonomy":"product_tag","embeddable":true,"href":"https:\/\/www.deporteseli.com\/index.php?rest_route=%2Fwp%2Fv2%2Fproduct_tag&post=42234"}],"curies":[{"name":"wp","href":"https:\/\/api.w.org\/{rel}","templated":true}]}}