{"id":42230,"date":"2026-01-27T19:36:29","date_gmt":"2026-01-27T19:36:29","guid":{"rendered":"https:\/\/www.deporteseli.com\/?product=mochila-adidas-x-farm-rio"},"modified":"2026-01-27T19:36:31","modified_gmt":"2026-01-27T19:36:31","slug":"mochila-adidas-x-farm-rio","status":"publish","type":"product","link":"https:\/\/www.deporteseli.com\/?product=mochila-adidas-x-farm-rio","title":{"rendered":"MOCHILA ADIDAS X FARM RIO"},"content":{"rendered":"<p>LA ALEGR\u00cdA DE FARM RIO  \u00bfPor qu\u00e9 llevar una mochila aburrida cuando puedes tener todo lo contrario? Esta mochila adidas luce un llamativo estampado dise\u00f1ado en colaboraci\u00f3n con la firma de moda brasile\u00f1a FARM Rio. Presenta un amplio compartimento principal, un bolsillo frontal con cremallera y bolsillos laterales sin cierre para que tengas todas tus cosas siempre a mano. Las correas acolchadas para los hombros te permiten llevarla c\u00f3modamente incluso cuando est\u00e1 completamente llena.    Este producto se ha fabricado con al menos un 50% de materiales reciclados. Utilizando materiales reciclados, reducimos los residuos, nuestra dependencia de los recursos finitos y la huella que generan los productos que fabricamos.  Dimensiones: 14 cm x 32 cm x 40 cm  Capacidad: 19,75 l  Tejido t\u00e9cnico 100% poli\u00e9ster reciclado  Base revestida de TPE  Compartimento principal con cremallera y bolsillo frontal con cremallera  Bolsillos laterales sin cierre  Correas acolchadas y ajustables  Color del art\u00edculo: Multicolor \/ Night Indigo \/ Bronze Strata  N\u00famero de art\u00edculo: IX5055                                                                                                                                                                                                                                                                                                                                                                                                                                                                                                                                                                                                                                                                                                                                                                                                                                                                                                                                                                                                                                        <\/p>\n","protected":false},"excerpt":{"rendered":"<p>MOCHILA ADIDAS X FARM RIO<\/p>\n","protected":false},"featured_media":55801,"template":"","meta":[],"product_brand":[],"product_cat":[401],"product_tag":[18],"class_list":{"0":"post-42230","1":"product","2":"type-product","3":"status-publish","4":"has-post-thumbnail","6":"product_cat-accesorios_mochilas","7":"product_tag-adidas","8":"pa_color-unico","9":"pa_talla-unica","10":"thunk-woo-product-list","11":"opn-qv-enable","12":"open-woo-hover-","13":"open-single-product-tab-horizontal","14":"open-shadow-","15":"open-shadow-hover-","17":"first","18":"instock","19":"shipping-taxable","20":"purchasable","21":"product-type-variable"},"jetpack_sharing_enabled":true,"_links":{"self":[{"href":"https:\/\/www.deporteseli.com\/index.php?rest_route=\/wp\/v2\/product\/42230","targetHints":{"allow":["GET"]}}],"collection":[{"href":"https:\/\/www.deporteseli.com\/index.php?rest_route=\/wp\/v2\/product"}],"about":[{"href":"https:\/\/www.deporteseli.com\/index.php?rest_route=\/wp\/v2\/types\/product"}],"wp:featuredmedia":[{"embeddable":true,"href":"https:\/\/www.deporteseli.com\/index.php?rest_route=\/wp\/v2\/media\/55801"}],"wp:attachment":[{"href":"https:\/\/www.deporteseli.com\/index.php?rest_route=%2Fwp%2Fv2%2Fmedia&parent=42230"}],"wp:term":[{"taxonomy":"product_brand","embeddable":true,"href":"https:\/\/www.deporteseli.com\/index.php?rest_route=%2Fwp%2Fv2%2Fproduct_brand&post=42230"},{"taxonomy":"product_cat","embeddable":true,"href":"https:\/\/www.deporteseli.com\/index.php?rest_route=%2Fwp%2Fv2%2Fproduct_cat&post=42230"},{"taxonomy":"product_tag","embeddable":true,"href":"https:\/\/www.deporteseli.com\/index.php?rest_route=%2Fwp%2Fv2%2Fproduct_tag&post=42230"}],"curies":[{"name":"wp","href":"https:\/\/api.w.org\/{rel}","templated":true}]}}