{"id":42225,"date":"2026-01-27T19:36:23","date_gmt":"2026-01-27T19:36:23","guid":{"rendered":"https:\/\/www.deporteseli.com\/?product=bolso-organizador-essentials"},"modified":"2026-01-27T19:36:24","modified_gmt":"2026-01-27T19:36:24","slug":"bolso-organizador-essentials","status":"publish","type":"product","link":"https:\/\/www.deporteseli.com\/?product=bolso-organizador-essentials","title":{"rendered":"BOLSO ORGANIZADOR ESSENTIALS"},"content":{"rendered":"<p>FUNCIONALIDAD PARA TU D\u00cdA A D\u00cdA  Mant\u00e9n tus cosas bien organizadas. Este bolso organizador de adidas se ha confeccionado en un tejido de poli\u00e9ster reciclado muy ligero y resistente al desgaste y es ideal para llevar contigo todo lo indispensable. Cuenta con una correa para ajustarlo a tu gusto. Su dise\u00f1o sencillo y funcional te permite mantener tus pertenencias seguras y al alcance, mientras disfrutas de la comodidad de tener las manos libres. Este producto se ha fabricado con al menos un 50% de materiales reciclados. Utilizando materiales reciclados, reducimos los residuos, nuestra dependencia de los recursos finitos y la huella que generan los productos que fabricamos.  Dimensiones: 7,5 cm x 18 cm x 24 cm  Capacidad: 5 l  100% poli\u00e9ster (reciclado)  Compartimento principal con cremallera  Bolsillo frontal con cremallera  Correa ajustable  Bolsillo interior sin cierre  Color del art\u00edculo: Black  N\u00famero de art\u00edculo: IT2048                                                                                                                                                                                                                                                                                                                                                                                                                                                                                                                                                                                                                                                                                                                                                                                                                                                                                                                                                                                                                                        <\/p>\n","protected":false},"excerpt":{"rendered":"<p>BOLSO ORGANIZADOR ESSENTIALS<\/p>\n","protected":false},"featured_media":55794,"template":"","meta":[],"product_brand":[],"product_cat":[423],"product_tag":[18],"class_list":{"0":"post-42225","1":"product","2":"type-product","3":"status-publish","4":"has-post-thumbnail","6":"product_cat-accesorios_bandoleras","7":"product_tag-adidas","8":"pa_color-negro","9":"pa_talla-unica","10":"thunk-woo-product-list","11":"opn-qv-enable","12":"open-woo-hover-","13":"open-single-product-tab-horizontal","14":"open-shadow-","15":"open-shadow-hover-","17":"first","18":"instock","19":"shipping-taxable","20":"purchasable","21":"product-type-variable"},"jetpack_sharing_enabled":true,"_links":{"self":[{"href":"https:\/\/www.deporteseli.com\/index.php?rest_route=\/wp\/v2\/product\/42225","targetHints":{"allow":["GET"]}}],"collection":[{"href":"https:\/\/www.deporteseli.com\/index.php?rest_route=\/wp\/v2\/product"}],"about":[{"href":"https:\/\/www.deporteseli.com\/index.php?rest_route=\/wp\/v2\/types\/product"}],"wp:featuredmedia":[{"embeddable":true,"href":"https:\/\/www.deporteseli.com\/index.php?rest_route=\/wp\/v2\/media\/55794"}],"wp:attachment":[{"href":"https:\/\/www.deporteseli.com\/index.php?rest_route=%2Fwp%2Fv2%2Fmedia&parent=42225"}],"wp:term":[{"taxonomy":"product_brand","embeddable":true,"href":"https:\/\/www.deporteseli.com\/index.php?rest_route=%2Fwp%2Fv2%2Fproduct_brand&post=42225"},{"taxonomy":"product_cat","embeddable":true,"href":"https:\/\/www.deporteseli.com\/index.php?rest_route=%2Fwp%2Fv2%2Fproduct_cat&post=42225"},{"taxonomy":"product_tag","embeddable":true,"href":"https:\/\/www.deporteseli.com\/index.php?rest_route=%2Fwp%2Fv2%2Fproduct_tag&post=42225"}],"curies":[{"name":"wp","href":"https:\/\/api.w.org\/{rel}","templated":true}]}}