{"id":42216,"date":"2026-01-27T19:36:12","date_gmt":"2026-01-27T19:36:12","guid":{"rendered":"https:\/\/www.deporteseli.com\/?product=zapatillas-de-entrenamiento-con-cordones-tens"},"modified":"2026-01-27T19:36:14","modified_gmt":"2026-01-27T19:36:14","slug":"zapatillas-de-entrenamiento-con-cordones-tens","status":"publish","type":"product","link":"https:\/\/www.deporteseli.com\/?product=zapatillas-de-entrenamiento-con-cordones-tens","title":{"rendered":"ZAPATILLAS DE ENTRENAMIENTO CON CORDONES TENS"},"content":{"rendered":"<p>ZAPATILLAS DE ENTRENAMIENTO CON CORDONES TENSAUR SPORT  ZAPATILLAS DE F\u00c1CIL MOVIMIENTO FABRICADAS EN PARTE CON MATERIALES RECICLADOS.  Los ni\u00f1os que est\u00e1n aprendiendo nuevas habilidades necesitan zapatos que se muevan con ellos. Estas zapatillas cl\u00e1sicas de adidas tienen una suela de goma que se siente suave para correr, pero que no deja marcas en los pisos de madera. Por lo tanto, funcionar\u00e1n igual de bien para la escuela que para la pr\u00e1ctica deportiva. Fabricada con una serie de materiales reciclados, esta parte superior presenta al menos un 50 % de contenido reciclado. Este producto representa solo una de nuestras soluciones para ayudar a terminar con los desechos pl\u00e1sticos.  Ajuste regular  Cierre de encaje  Parte superior de cuero sint\u00e9tico  Forro textil  Suela de goma que no deja marcas  La parte superior contiene un m\u00ednimo de 50% de contenido reciclado.                                                                                                                                                                                                                                                                                                                                                                                                                                                                                                                                                                                                                                                                                                                                                                                                                                                                                                                                                                                                                                        <\/p>\n","protected":false},"excerpt":{"rendered":"<p>ZAPATILLAS DE ENTRENAMIENTO CON CORDONES TENS<\/p>\n","protected":false},"featured_media":55784,"template":"","meta":[],"product_brand":[],"product_cat":[310],"product_tag":[18],"class_list":{"0":"post-42216","1":"product","2":"type-product","3":"status-publish","4":"has-post-thumbnail","6":"product_cat-nino_calzado_casual","7":"product_tag-adidas","8":"pa_color-unico","9":"pa_talla-38-5","10":"pa_talla-149","11":"thunk-woo-product-list","12":"opn-qv-enable","13":"open-woo-hover-","14":"open-single-product-tab-horizontal","15":"open-shadow-","16":"open-shadow-hover-","18":"first","19":"instock","20":"sale","21":"shipping-taxable","22":"purchasable","23":"product-type-variable"},"jetpack_sharing_enabled":true,"_links":{"self":[{"href":"https:\/\/www.deporteseli.com\/index.php?rest_route=\/wp\/v2\/product\/42216","targetHints":{"allow":["GET"]}}],"collection":[{"href":"https:\/\/www.deporteseli.com\/index.php?rest_route=\/wp\/v2\/product"}],"about":[{"href":"https:\/\/www.deporteseli.com\/index.php?rest_route=\/wp\/v2\/types\/product"}],"wp:featuredmedia":[{"embeddable":true,"href":"https:\/\/www.deporteseli.com\/index.php?rest_route=\/wp\/v2\/media\/55784"}],"wp:attachment":[{"href":"https:\/\/www.deporteseli.com\/index.php?rest_route=%2Fwp%2Fv2%2Fmedia&parent=42216"}],"wp:term":[{"taxonomy":"product_brand","embeddable":true,"href":"https:\/\/www.deporteseli.com\/index.php?rest_route=%2Fwp%2Fv2%2Fproduct_brand&post=42216"},{"taxonomy":"product_cat","embeddable":true,"href":"https:\/\/www.deporteseli.com\/index.php?rest_route=%2Fwp%2Fv2%2Fproduct_cat&post=42216"},{"taxonomy":"product_tag","embeddable":true,"href":"https:\/\/www.deporteseli.com\/index.php?rest_route=%2Fwp%2Fv2%2Fproduct_tag&post=42216"}],"curies":[{"name":"wp","href":"https:\/\/api.w.org\/{rel}","templated":true}]}}