{"id":42212,"date":"2026-01-27T19:36:06","date_gmt":"2026-01-27T19:36:06","guid":{"rendered":"https:\/\/www.deporteseli.com\/?product=zapatilla-tensaur-run-2-0"},"modified":"2026-01-27T19:36:08","modified_gmt":"2026-01-27T19:36:08","slug":"zapatilla-tensaur-run-2-0","status":"publish","type":"product","link":"https:\/\/www.deporteseli.com\/?product=zapatilla-tensaur-run-2-0","title":{"rendered":"ZAPATILLA TENSAUR RUN 2.0"},"content":{"rendered":"<p>UN ESTILO C\u00d3MODO PARA PIES FUGACES  Con esta zapatilla adidas, tu peque ser\u00e1 el protagonista de mil y una aventuras. El empeine de malla es ligero y transpirable, mientras que el cierre cl\u00e1sico de cordones y la correa superior autoadherente garantizan un ajuste inmejorable. La mediasuela de EVA proporciona una pisada m\u00e1s c\u00f3moda mientras corre por el parque o descubre nuevos espacios.    Este producto contiene al menos un 20% de materiales reciclados. Utilizando materiales reciclados, reducimos los residuos, nuestra dependencia de los recursos finitos y la huella que generan los productos que fabricamos.  Horma cl\u00e1sica  Cierre de cordones con correa superior autoadherente  Empeine de malla  Forro textil  Suela y mediasuela de EVA  Contiene al menos un 20% de material reciclado  Color del art\u00edculo: Core Black \/ Bliss Pink \/ Cloud White  N\u00famero de art\u00edculo: IE5988                                                                                                                                                                                                                                                                                                                                                                                                                                                                                                                                                                                                                                                                                                                                                                                                                                                                                                                                                                                                                                        <\/p>\n","protected":false},"excerpt":{"rendered":"<p>ZAPATILLA TENSAUR RUN 2.0<\/p>\n","protected":false},"featured_media":55775,"template":"","meta":[],"product_brand":[],"product_cat":[390],"product_tag":[18],"class_list":{"0":"post-42212","1":"product","2":"type-product","3":"status-publish","4":"has-post-thumbnail","6":"product_cat-ninas_calzado_running","7":"product_tag-adidas","8":"pa_color-unico","9":"pa_talla-129","10":"thunk-woo-product-list","11":"opn-qv-enable","12":"open-woo-hover-","13":"open-single-product-tab-horizontal","14":"open-shadow-","15":"open-shadow-hover-","17":"first","18":"instock","19":"sale","20":"shipping-taxable","21":"purchasable","22":"product-type-variable"},"jetpack_sharing_enabled":true,"_links":{"self":[{"href":"https:\/\/www.deporteseli.com\/index.php?rest_route=\/wp\/v2\/product\/42212","targetHints":{"allow":["GET"]}}],"collection":[{"href":"https:\/\/www.deporteseli.com\/index.php?rest_route=\/wp\/v2\/product"}],"about":[{"href":"https:\/\/www.deporteseli.com\/index.php?rest_route=\/wp\/v2\/types\/product"}],"wp:featuredmedia":[{"embeddable":true,"href":"https:\/\/www.deporteseli.com\/index.php?rest_route=\/wp\/v2\/media\/55775"}],"wp:attachment":[{"href":"https:\/\/www.deporteseli.com\/index.php?rest_route=%2Fwp%2Fv2%2Fmedia&parent=42212"}],"wp:term":[{"taxonomy":"product_brand","embeddable":true,"href":"https:\/\/www.deporteseli.com\/index.php?rest_route=%2Fwp%2Fv2%2Fproduct_brand&post=42212"},{"taxonomy":"product_cat","embeddable":true,"href":"https:\/\/www.deporteseli.com\/index.php?rest_route=%2Fwp%2Fv2%2Fproduct_cat&post=42212"},{"taxonomy":"product_tag","embeddable":true,"href":"https:\/\/www.deporteseli.com\/index.php?rest_route=%2Fwp%2Fv2%2Fproduct_tag&post=42212"}],"curies":[{"name":"wp","href":"https:\/\/api.w.org\/{rel}","templated":true}]}}