{"id":42209,"date":"2026-01-27T19:36:02","date_gmt":"2026-01-27T19:36:02","guid":{"rendered":"https:\/\/www.deporteseli.com\/?product=tenis-adidas-h03861"},"modified":"2026-01-27T19:36:05","modified_gmt":"2026-01-27T19:36:05","slug":"tenis-adidas-h03861","status":"publish","type":"product","link":"https:\/\/www.deporteseli.com\/?product=tenis-adidas-h03861","title":{"rendered":"TENIS ADIDAS H03861"},"content":{"rendered":"<p>ZAPATILLAS DE BALONCESTO CON CIERRE DE VELCRO DE HOOPS LIFESTYLE  COMIENCE SU COLECCI\u00d3N DE ZAPATILLAS CON EL PIE DERECHO CON ESTAS ZAPATILLAS ESTILO BALONCESTO.  Nunca es demasiado pronto para a\u00f1adir un poco de estilo de baloncesto a tu guardarropa. Estas zapatillas adidas para ni\u00f1os combinan el soporte y la estabilidad de las zapatillas de baloncesto cl\u00e1sicas con correas con cierre de velcro para pon\u00e9rselas y quit\u00e1rselas f\u00e1cilmente. Los looks totalmente blancos combinan a la perfecci\u00f3n con todo, desde ropa deportiva hasta vaqueros azules.                                                                                                                                                                                                                                                                                                                                                                                                                                                                                                                                                                                                                                                                                                                                                                                                                                                                                                                                                                                                                                        <\/p>\n","protected":false},"excerpt":{"rendered":"<p>TENIS ADIDAS H03861<\/p>\n","protected":false},"featured_media":55770,"template":"","meta":[],"product_brand":[],"product_cat":[310],"product_tag":[18],"class_list":{"0":"post-42209","1":"product","2":"type-product","3":"status-publish","4":"has-post-thumbnail","6":"product_cat-nino_calzado_casual","7":"product_tag-adidas","8":"pa_color-unico","9":"pa_talla-125","10":"pa_talla-139","11":"thunk-woo-product-list","12":"opn-qv-enable","13":"open-woo-hover-","14":"open-single-product-tab-horizontal","15":"open-shadow-","16":"open-shadow-hover-","18":"first","19":"instock","20":"sale","21":"shipping-taxable","22":"purchasable","23":"product-type-variable"},"jetpack_sharing_enabled":true,"_links":{"self":[{"href":"https:\/\/www.deporteseli.com\/index.php?rest_route=\/wp\/v2\/product\/42209","targetHints":{"allow":["GET"]}}],"collection":[{"href":"https:\/\/www.deporteseli.com\/index.php?rest_route=\/wp\/v2\/product"}],"about":[{"href":"https:\/\/www.deporteseli.com\/index.php?rest_route=\/wp\/v2\/types\/product"}],"wp:featuredmedia":[{"embeddable":true,"href":"https:\/\/www.deporteseli.com\/index.php?rest_route=\/wp\/v2\/media\/55770"}],"wp:attachment":[{"href":"https:\/\/www.deporteseli.com\/index.php?rest_route=%2Fwp%2Fv2%2Fmedia&parent=42209"}],"wp:term":[{"taxonomy":"product_brand","embeddable":true,"href":"https:\/\/www.deporteseli.com\/index.php?rest_route=%2Fwp%2Fv2%2Fproduct_brand&post=42209"},{"taxonomy":"product_cat","embeddable":true,"href":"https:\/\/www.deporteseli.com\/index.php?rest_route=%2Fwp%2Fv2%2Fproduct_cat&post=42209"},{"taxonomy":"product_tag","embeddable":true,"href":"https:\/\/www.deporteseli.com\/index.php?rest_route=%2Fwp%2Fv2%2Fproduct_tag&post=42209"}],"curies":[{"name":"wp","href":"https:\/\/api.w.org\/{rel}","templated":true}]}}