{"id":42200,"date":"2026-01-27T19:35:50","date_gmt":"2026-01-27T19:35:50","guid":{"rendered":"https:\/\/www.deporteseli.com\/?product=balon-puma-orbita-la-liga-1-084287-01"},"modified":"2026-01-27T19:35:51","modified_gmt":"2026-01-27T19:35:51","slug":"balon-puma-orbita-la-liga-1-084287-01","status":"publish","type":"product","link":"https:\/\/www.deporteseli.com\/?product=balon-puma-orbita-la-liga-1-084287-01","title":{"rendered":"BALON PUMA ORBITA LA LIGA 1 084287-01"},"content":{"rendered":"<p>Cuando quieras o, mejor dicho, necesites lo mejor, el bal\u00f3n de f\u00fatbol Orbita La Liga 1 FIFA Quality no te decepcionar\u00e1. Presenta un vuelo aerodin\u00e1mico y fluido gracias a la configuraci\u00f3n de 32 paneles y el exterior texturizado de PU. Una vez en el aire, la c\u00e1mara de goma con v\u00e1lvula PUMA Air Lock ayuda a mantener el bal\u00f3n en vuelo. Lo \u00fanico que queda por hacer es avanzar con paso seguro y disparar.  Ol\u00e9! Moldeado THB que le confiere una forma, durabilidad y absorci\u00f3n del agua reducida excelentes. Configuraci\u00f3n de 32 paneles para un vuelo recto y consistente. Exterior texturizado de PU de 0,4 mm que mejora el aerodinamismo. Capa de espuma de TPE de 3 mm que mejora rebote y aumenta la potencia. C\u00e1mara de goma con v\u00e1lvula PUMA Air Lock que mejora la retenci\u00f3n del aire y el rebote.                                                                                                                                                                                                                                                                                                                                                                                                                                                                                                                                                                                                                                                                                                                                                                                                                                                                                                                                                                                                                                        <\/p>\n","protected":false},"excerpt":{"rendered":"<p>BALON PUMA ORBITA LA LIGA 1 084287-01<\/p>\n","protected":false},"featured_media":55757,"template":"","meta":[],"product_brand":[],"product_cat":[347],"product_tag":[32],"class_list":{"0":"post-42200","1":"product","2":"type-product","3":"status-publish","4":"has-post-thumbnail","6":"product_cat-deportes_balones","7":"product_tag-puma","8":"pa_color-blanco","9":"pa_talla-169","10":"thunk-woo-product-list","11":"opn-qv-enable","12":"open-woo-hover-","13":"open-single-product-tab-horizontal","14":"open-shadow-","15":"open-shadow-hover-","17":"first","18":"instock","19":"sale","20":"shipping-taxable","21":"purchasable","22":"product-type-variable"},"jetpack_sharing_enabled":true,"_links":{"self":[{"href":"https:\/\/www.deporteseli.com\/index.php?rest_route=\/wp\/v2\/product\/42200","targetHints":{"allow":["GET"]}}],"collection":[{"href":"https:\/\/www.deporteseli.com\/index.php?rest_route=\/wp\/v2\/product"}],"about":[{"href":"https:\/\/www.deporteseli.com\/index.php?rest_route=\/wp\/v2\/types\/product"}],"wp:featuredmedia":[{"embeddable":true,"href":"https:\/\/www.deporteseli.com\/index.php?rest_route=\/wp\/v2\/media\/55757"}],"wp:attachment":[{"href":"https:\/\/www.deporteseli.com\/index.php?rest_route=%2Fwp%2Fv2%2Fmedia&parent=42200"}],"wp:term":[{"taxonomy":"product_brand","embeddable":true,"href":"https:\/\/www.deporteseli.com\/index.php?rest_route=%2Fwp%2Fv2%2Fproduct_brand&post=42200"},{"taxonomy":"product_cat","embeddable":true,"href":"https:\/\/www.deporteseli.com\/index.php?rest_route=%2Fwp%2Fv2%2Fproduct_cat&post=42200"},{"taxonomy":"product_tag","embeddable":true,"href":"https:\/\/www.deporteseli.com\/index.php?rest_route=%2Fwp%2Fv2%2Fproduct_tag&post=42200"}],"curies":[{"name":"wp","href":"https:\/\/api.w.org\/{rel}","templated":true}]}}