{"id":42190,"date":"2026-01-27T19:35:37","date_gmt":"2026-01-27T19:35:37","guid":{"rendered":"https:\/\/www.deporteseli.com\/?product=zapatos-con-velcro-tensaur"},"modified":"2026-03-28T05:19:14","modified_gmt":"2026-03-28T05:19:14","slug":"zapatos-con-velcro-tensaur","status":"publish","type":"product","link":"https:\/\/www.deporteseli.com\/?product=zapatos-con-velcro-tensaur","title":{"rendered":"ZAPATOS CON VELCRO TENSAUR"},"content":{"rendered":"<p>ZAPATOS CON VELCRO TENSAUR  ZAPATOS RESISTENTES PARA CADA AVENTURA, FABRICADOS EN PARTE CON MATERIALES RECICLADOS.  Cuando eres peque\u00f1o, necesitas explorar todas las superficies, desde la alfombra mullida hasta los parterres de flores. Estos resistentes zapatos adidas para beb\u00e9s tienen correas de velcro f\u00e1ciles de sujetar para mantenerlos en su lugar. La suela de goma no deja marcas negras reveladoras, una buena noticia si tu peque\u00f1o descubre pisos de madera. Fabricada con una serie de materiales reciclados, esta parte superior presenta al menos un 50 % de contenido reciclado. Este producto representa solo una de nuestras soluciones para ayudar a terminar con los desechos pl\u00e1sticos.  Detalles De Producto  Ajuste regular  Cierre de velcro  Parte superior de cuero sint\u00e9tico  Forro textil  Suela de goma que no deja marcas  La parte superior contiene un m\u00ednimo de 50% de contenido reciclado.                                                                                                                                                                                                                                                                                                                                                                                                                                                                                                                                                                                                                                                                                                                                                                                                                                                                                                                                                                                                                                        <\/p>\n","protected":false},"excerpt":{"rendered":"<p>ZAPATOS CON VELCRO TENSAUR<\/p>\n","protected":false},"featured_media":55748,"template":"","meta":[],"product_brand":[],"product_cat":[310],"product_tag":[18],"class_list":{"0":"post-42190","1":"product","2":"type-product","3":"status-publish","4":"has-post-thumbnail","6":"product_cat-nino_calzado_casual","7":"product_tag-adidas","8":"pa_color-unico","9":"pa_talla-113","10":"pa_talla-115","11":"pa_talla-117","12":"pa_talla-119","13":"pa_talla-t-21","14":"thunk-woo-product-list","15":"opn-qv-enable","16":"open-woo-hover-","17":"open-single-product-tab-horizontal","18":"open-shadow-","19":"open-shadow-hover-","21":"first","22":"instock","23":"sale","24":"shipping-taxable","25":"purchasable","26":"product-type-variable"},"jetpack_sharing_enabled":true,"_links":{"self":[{"href":"https:\/\/www.deporteseli.com\/index.php?rest_route=\/wp\/v2\/product\/42190","targetHints":{"allow":["GET"]}}],"collection":[{"href":"https:\/\/www.deporteseli.com\/index.php?rest_route=\/wp\/v2\/product"}],"about":[{"href":"https:\/\/www.deporteseli.com\/index.php?rest_route=\/wp\/v2\/types\/product"}],"wp:featuredmedia":[{"embeddable":true,"href":"https:\/\/www.deporteseli.com\/index.php?rest_route=\/wp\/v2\/media\/55748"}],"wp:attachment":[{"href":"https:\/\/www.deporteseli.com\/index.php?rest_route=%2Fwp%2Fv2%2Fmedia&parent=42190"}],"wp:term":[{"taxonomy":"product_brand","embeddable":true,"href":"https:\/\/www.deporteseli.com\/index.php?rest_route=%2Fwp%2Fv2%2Fproduct_brand&post=42190"},{"taxonomy":"product_cat","embeddable":true,"href":"https:\/\/www.deporteseli.com\/index.php?rest_route=%2Fwp%2Fv2%2Fproduct_cat&post=42190"},{"taxonomy":"product_tag","embeddable":true,"href":"https:\/\/www.deporteseli.com\/index.php?rest_route=%2Fwp%2Fv2%2Fproduct_tag&post=42190"}],"curies":[{"name":"wp","href":"https:\/\/api.w.org\/{rel}","templated":true}]}}