{"id":42185,"date":"2026-01-27T19:35:31","date_gmt":"2026-01-27T19:35:31","guid":{"rendered":"https:\/\/www.deporteseli.com\/?product=zapatilla-de-futbol-predator-league-moqueta"},"modified":"2026-01-27T19:35:36","modified_gmt":"2026-01-27T19:35:36","slug":"zapatilla-de-futbol-predator-league-moqueta","status":"publish","type":"product","link":"https:\/\/www.deporteseli.com\/?product=zapatilla-de-futbol-predator-league-moqueta","title":{"rendered":"ZAPATILLA DE F\u00faTBOL PREDATOR LEAGUE MOQUETA"},"content":{"rendered":"<p>GANAR ES EL TRATO  Cuando tienes la porter\u00eda a tiro, adidas Predator convierte la presi\u00f3n en una precisi\u00f3n milim\u00e9trica. Esta zapatilla de f\u00fatbol League para j\u00f3venes promesas presenta un empeine Hybridfeel con textura en relieve e inserciones Strikescale en el mediopi\u00e9 que contribuye a mejorar tu punter\u00eda en cada remate. La suela de goma estriada te ofrece una estabilidad \u00f3ptima en campos de moqueta.    Al elegir materiales reciclados, podemos dar nueva vida a materiales que ya se han utilizado, lo que contribuye a reducir los residuos. La utilizaci\u00f3n de materiales renovables nos ayuda a acabar con nuestra dependencia de los recursos finitos. Nuestros productos fabricados con materiales reciclados y renovables contienen al menos un 20% de estos materiales.  Horma cl\u00e1sica  Cierre de cordones  Empeine Hybridfeel con inserciones Strikescale  Suela de goma para campos de moqueta  Contiene al menos un 20% de material reciclado y renovable  Color del art\u00edculo: Lucid Blue \/ Cloud White \/ Solar Red  N\u00famero de art\u00edculo: IF6413                                                                                                                                                                                                                                                                                                                                                                                                                                                                                                                                                                                                                                                                                                                                                                                                                                                                                                                                                                                                                                        <\/p>\n","protected":false},"excerpt":{"rendered":"<p>ZAPATILLA DE F\u00faTBOL PREDATOR LEAGUE MOQUETA<\/p>\n","protected":false},"featured_media":55743,"template":"","meta":[],"product_brand":[],"product_cat":[318],"product_tag":[18],"class_list":{"0":"post-42185","1":"product","2":"type-product","3":"status-publish","4":"has-post-thumbnail","6":"product_cat-deportes_futbol_botas","7":"product_tag-adidas","8":"pa_color-unico","9":"pa_talla-133","10":"pa_talla-36-5","11":"pa_talla-145","12":"pa_talla-38-5","13":"thunk-woo-product-list","14":"opn-qv-enable","15":"open-woo-hover-","16":"open-single-product-tab-horizontal","17":"open-shadow-","18":"open-shadow-hover-","20":"first","21":"instock","22":"sale","23":"shipping-taxable","24":"purchasable","25":"product-type-variable"},"jetpack_sharing_enabled":true,"_links":{"self":[{"href":"https:\/\/www.deporteseli.com\/index.php?rest_route=\/wp\/v2\/product\/42185","targetHints":{"allow":["GET"]}}],"collection":[{"href":"https:\/\/www.deporteseli.com\/index.php?rest_route=\/wp\/v2\/product"}],"about":[{"href":"https:\/\/www.deporteseli.com\/index.php?rest_route=\/wp\/v2\/types\/product"}],"wp:featuredmedia":[{"embeddable":true,"href":"https:\/\/www.deporteseli.com\/index.php?rest_route=\/wp\/v2\/media\/55743"}],"wp:attachment":[{"href":"https:\/\/www.deporteseli.com\/index.php?rest_route=%2Fwp%2Fv2%2Fmedia&parent=42185"}],"wp:term":[{"taxonomy":"product_brand","embeddable":true,"href":"https:\/\/www.deporteseli.com\/index.php?rest_route=%2Fwp%2Fv2%2Fproduct_brand&post=42185"},{"taxonomy":"product_cat","embeddable":true,"href":"https:\/\/www.deporteseli.com\/index.php?rest_route=%2Fwp%2Fv2%2Fproduct_cat&post=42185"},{"taxonomy":"product_tag","embeddable":true,"href":"https:\/\/www.deporteseli.com\/index.php?rest_route=%2Fwp%2Fv2%2Fproduct_tag&post=42185"}],"curies":[{"name":"wp","href":"https:\/\/api.w.org\/{rel}","templated":true}]}}