{"id":42183,"date":"2026-01-27T19:35:29","date_gmt":"2026-01-27T19:35:29","guid":{"rendered":"https:\/\/www.deporteseli.com\/?product=mochila-reebok-8029245"},"modified":"2026-01-27T19:35:30","modified_gmt":"2026-01-27T19:35:30","slug":"mochila-reebok-8029245","status":"publish","type":"product","link":"https:\/\/www.deporteseli.com\/?product=mochila-reebok-8029245","title":{"rendered":"MOCHILA REEBOK 8029245"},"content":{"rendered":"<p>Descripci\u00f3n  Descubre la Mochila Reebok Brooklyn Colors con estuche menta, una opci\u00f3n ideal para tus actividades diarias o deportivas.    Con dimensiones de 31,5 cm x 45 cm x 15 cm, esta mochila cuenta con un compartimento acolchado, capaz de proteger tu ordenador de hasta 15,6 pulgadas.    Incluye un pr\u00e1ctico bolsillo frontal y un estuche a juego, perfecto para tus accesorios. Su espalda reforzada y tirantes anchos, ergon\u00f3micos y acolchados aseguran un ajuste perfecto y comodidad durante todo el d\u00eda.    No te pierdas la oportunidad de tener la Mochila Reebok Brooklyn Colors, la combinaci\u00f3n ideal de estilo y funcionalidad.  Hazla parte de tu rutina diaria!    Caracter\u00edsticas  Dimensiones: 31,5 cm x 45 cm x 15 cm  Compartimento acolchado para ordenador de hasta 15,6 pulgadas  Bolsillo frontal y estuche a juego incluido  Espalda reforzada  Tirantes anchos, ergon\u00f3micos y acolchados  Adaptabilidad perfecta a la espalda  Estuche incluido                                                                                                                                                                                                                                                                                                                                                                                                                                                                                                                                                                                                                                                                                                                                                                                                                                                                                                                                                                                                                                        <\/p>\n","protected":false},"excerpt":{"rendered":"<p>MOCHILA REEBOK 8029245<\/p>\n","protected":false},"featured_media":55740,"template":"","meta":[],"product_brand":[],"product_cat":[401],"product_tag":[41],"class_list":{"0":"post-42183","1":"product","2":"type-product","3":"status-publish","4":"has-post-thumbnail","6":"product_cat-accesorios_mochilas","7":"product_tag-reebok","8":"pa_color-verde","9":"pa_talla-unica","10":"thunk-woo-product-list","11":"opn-qv-enable","12":"open-woo-hover-","13":"open-single-product-tab-horizontal","14":"open-shadow-","15":"open-shadow-hover-","17":"first","18":"instock","19":"shipping-taxable","20":"purchasable","21":"product-type-variable"},"jetpack_sharing_enabled":true,"_links":{"self":[{"href":"https:\/\/www.deporteseli.com\/index.php?rest_route=\/wp\/v2\/product\/42183","targetHints":{"allow":["GET"]}}],"collection":[{"href":"https:\/\/www.deporteseli.com\/index.php?rest_route=\/wp\/v2\/product"}],"about":[{"href":"https:\/\/www.deporteseli.com\/index.php?rest_route=\/wp\/v2\/types\/product"}],"wp:featuredmedia":[{"embeddable":true,"href":"https:\/\/www.deporteseli.com\/index.php?rest_route=\/wp\/v2\/media\/55740"}],"wp:attachment":[{"href":"https:\/\/www.deporteseli.com\/index.php?rest_route=%2Fwp%2Fv2%2Fmedia&parent=42183"}],"wp:term":[{"taxonomy":"product_brand","embeddable":true,"href":"https:\/\/www.deporteseli.com\/index.php?rest_route=%2Fwp%2Fv2%2Fproduct_brand&post=42183"},{"taxonomy":"product_cat","embeddable":true,"href":"https:\/\/www.deporteseli.com\/index.php?rest_route=%2Fwp%2Fv2%2Fproduct_cat&post=42183"},{"taxonomy":"product_tag","embeddable":true,"href":"https:\/\/www.deporteseli.com\/index.php?rest_route=%2Fwp%2Fv2%2Fproduct_tag&post=42183"}],"curies":[{"name":"wp","href":"https:\/\/api.w.org\/{rel}","templated":true}]}}