{"id":42176,"date":"2026-01-27T19:35:19","date_gmt":"2026-01-27T19:35:19","guid":{"rendered":"https:\/\/www.deporteseli.com\/?product=tenis-reebok-100046401"},"modified":"2026-01-27T19:35:21","modified_gmt":"2026-01-27T19:35:21","slug":"tenis-reebok-100046401","status":"publish","type":"product","link":"https:\/\/www.deporteseli.com\/?product=tenis-reebok-100046401","title":{"rendered":"TENIS REEBOK 100046401"},"content":{"rendered":"<p>ZAPATILLAS REEBOK ROYAL REWIND RUN JUNIOR  ZAPATOS CL\u00c1SICOS PARA UNA COMODIDAD DURADERA    Crea tu look para que coincida con tu vibra. Desde citas para jugar hasta actividades al aire libre, estas zapatillas Reebok para ni\u00f1os mantienen los pies de los peque\u00f1os en movimiento. Un dise\u00f1o de rayas laterales aporta una nueva paleta de colores a tu look. Una correa de velcro mantiene tus pies seguros en cada aventura.                                                                                                                                                                                                                                                                                                                                                                                                                                                                                                                                                                                                                                                                                                                                                                                                                                                                                                                                                                                                                                        <\/p>\n","protected":false},"excerpt":{"rendered":"<p>TENIS REEBOK 100046401<\/p>\n","protected":false},"featured_media":55731,"template":"","meta":[],"product_brand":[],"product_cat":[310],"product_tag":[41],"class_list":{"0":"post-42176","1":"product","2":"type-product","3":"status-publish","4":"has-post-thumbnail","6":"product_cat-nino_calzado_casual","7":"product_tag-reebok","8":"pa_color-unico","9":"pa_talla-133","10":"thunk-woo-product-list","11":"opn-qv-enable","12":"open-woo-hover-","13":"open-single-product-tab-horizontal","14":"open-shadow-","15":"open-shadow-hover-","17":"first","18":"instock","19":"sale","20":"shipping-taxable","21":"purchasable","22":"product-type-variable"},"jetpack_sharing_enabled":true,"_links":{"self":[{"href":"https:\/\/www.deporteseli.com\/index.php?rest_route=\/wp\/v2\/product\/42176","targetHints":{"allow":["GET"]}}],"collection":[{"href":"https:\/\/www.deporteseli.com\/index.php?rest_route=\/wp\/v2\/product"}],"about":[{"href":"https:\/\/www.deporteseli.com\/index.php?rest_route=\/wp\/v2\/types\/product"}],"wp:featuredmedia":[{"embeddable":true,"href":"https:\/\/www.deporteseli.com\/index.php?rest_route=\/wp\/v2\/media\/55731"}],"wp:attachment":[{"href":"https:\/\/www.deporteseli.com\/index.php?rest_route=%2Fwp%2Fv2%2Fmedia&parent=42176"}],"wp:term":[{"taxonomy":"product_brand","embeddable":true,"href":"https:\/\/www.deporteseli.com\/index.php?rest_route=%2Fwp%2Fv2%2Fproduct_brand&post=42176"},{"taxonomy":"product_cat","embeddable":true,"href":"https:\/\/www.deporteseli.com\/index.php?rest_route=%2Fwp%2Fv2%2Fproduct_cat&post=42176"},{"taxonomy":"product_tag","embeddable":true,"href":"https:\/\/www.deporteseli.com\/index.php?rest_route=%2Fwp%2Fv2%2Fproduct_tag&post=42176"}],"curies":[{"name":"wp","href":"https:\/\/api.w.org\/{rel}","templated":true}]}}