{"id":42171,"date":"2026-01-27T19:35:13","date_gmt":"2026-01-27T19:35:13","guid":{"rendered":"https:\/\/www.deporteseli.com\/?product=bota-de-futbol-copa-pure-2-league-multisuperf"},"modified":"2026-01-27T19:35:15","modified_gmt":"2026-01-27T19:35:15","slug":"bota-de-futbol-copa-pure-2-league-multisuperf","status":"publish","type":"product","link":"https:\/\/www.deporteseli.com\/?product=bota-de-futbol-copa-pure-2-league-multisuperf","title":{"rendered":"BOTA DE F\u00faTBOL COPA PURE 2 LEAGUE MULTISUPERF"},"content":{"rendered":"<p>GANAR ES EL TRATO  La conexi\u00f3n entre tu cerebro y tu pie es inquebrantable. Controla el bal\u00f3n con la adidas Copa Pure 2. Esta bota League combina un empeine c\u00f3modo y detalles vintage que te ofrecen un estilo tan elegante como tu f\u00fatbol. El antepi\u00e9 de piel vacuna te garantiza un toque m\u00e1s suave. La suela vers\u00e1til te permite desplegar tu mejor juego en todo tipo de superficies.    Este producto contiene al menos un 20% de materiales reciclados. Utilizando materiales reciclados, reducimos los residuos, nuestra dependencia de los recursos finitos y la huella que generan los productos que fabricamos.  Horma cl\u00e1sica  Cierre de cordones  Empeine sint\u00e9tico con antepi\u00e9 de piel  Suela multisuperficie  Contiene al menos un 20% de material reciclado  Color del art\u00edculo: Cloud White \/ Lucid Blue \/ Solar Red  N\u00famero de art\u00edculo: IG8687                                                                                                                                                                                                                                                                                                                                                                                                                                                                                                                                                                                                                                                                                                                                                                                                                                                                                                                                                                                                                                        <\/p>\n","protected":false},"excerpt":{"rendered":"<p>BOTA DE F\u00faTBOL COPA PURE 2 LEAGUE MULTISUPERF<\/p>\n","protected":false},"featured_media":55724,"template":"","meta":[],"product_brand":[],"product_cat":[318],"product_tag":[18],"class_list":{"0":"post-42171","1":"product","2":"type-product","3":"status-publish","4":"has-post-thumbnail","6":"product_cat-deportes_futbol_botas","7":"product_tag-adidas","8":"pa_color-unico","9":"pa_talla-153","10":"pa_talla-44-5","11":"thunk-woo-product-list","12":"opn-qv-enable","13":"open-woo-hover-","14":"open-single-product-tab-horizontal","15":"open-shadow-","16":"open-shadow-hover-","18":"first","19":"instock","20":"sale","21":"shipping-taxable","22":"purchasable","23":"product-type-variable"},"jetpack_sharing_enabled":true,"_links":{"self":[{"href":"https:\/\/www.deporteseli.com\/index.php?rest_route=\/wp\/v2\/product\/42171","targetHints":{"allow":["GET"]}}],"collection":[{"href":"https:\/\/www.deporteseli.com\/index.php?rest_route=\/wp\/v2\/product"}],"about":[{"href":"https:\/\/www.deporteseli.com\/index.php?rest_route=\/wp\/v2\/types\/product"}],"wp:featuredmedia":[{"embeddable":true,"href":"https:\/\/www.deporteseli.com\/index.php?rest_route=\/wp\/v2\/media\/55724"}],"wp:attachment":[{"href":"https:\/\/www.deporteseli.com\/index.php?rest_route=%2Fwp%2Fv2%2Fmedia&parent=42171"}],"wp:term":[{"taxonomy":"product_brand","embeddable":true,"href":"https:\/\/www.deporteseli.com\/index.php?rest_route=%2Fwp%2Fv2%2Fproduct_brand&post=42171"},{"taxonomy":"product_cat","embeddable":true,"href":"https:\/\/www.deporteseli.com\/index.php?rest_route=%2Fwp%2Fv2%2Fproduct_cat&post=42171"},{"taxonomy":"product_tag","embeddable":true,"href":"https:\/\/www.deporteseli.com\/index.php?rest_route=%2Fwp%2Fv2%2Fproduct_tag&post=42171"}],"curies":[{"name":"wp","href":"https:\/\/api.w.org\/{rel}","templated":true}]}}