{"id":42167,"date":"2026-01-27T19:35:08","date_gmt":"2026-01-27T19:35:08","guid":{"rendered":"https:\/\/www.deporteseli.com\/?product=bolso-reebok-8063531"},"modified":"2026-01-27T19:35:09","modified_gmt":"2026-01-27T19:35:09","slug":"bolso-reebok-8063531","status":"publish","type":"product","link":"https:\/\/www.deporteseli.com\/?product=bolso-reebok-8063531","title":{"rendered":"BOLSO REEBOK 8063531"},"content":{"rendered":"<p>Bolsa Reebok 55CM Rockport 8063531  Descubre la nueva colecci\u00f3n de Reebok Rockport con sus detalles en rojo electrizante y amarillo mostaza que te encantar\u00e1n. La comodidad que brindan estas bolsas es insuperable, haci\u00e9ndolas perfectas para cualquier momento del d\u00eda.    Cada pieza, ya sea una mochila, bolsa de deporte, gym sac, neceser, ri\u00f1onera, bandolera o bolso, est\u00e1 dise\u00f1ada pensando en cubrir todas tus necesidades. Con diferentes tama\u00f1os, compartimentos y dimensiones, siempre tendr\u00e1s todo lo que necesitas a mano.    Luce espectacular con estas bolsas Reebok Rockport y recuerda que la comodidad y el estilo pueden ir de la mano perfectamente                                                                                                                                                                                                                                                                                                                                                                                                                                                                                                                                                                                                                                                                                                                                                                                                                                                                                                                                                                                                                                        <\/p>\n","protected":false},"excerpt":{"rendered":"<p>BOLSO REEBOK 8063531<\/p>\n","protected":false},"featured_media":55717,"template":"","meta":[],"product_brand":[],"product_cat":[402],"product_tag":[41],"class_list":{"0":"post-42167","1":"product","2":"type-product","3":"status-publish","4":"has-post-thumbnail","6":"product_cat-accesorios_bolsos","7":"product_tag-reebok","8":"pa_color-azul","9":"pa_talla-unica","10":"thunk-woo-product-list","11":"opn-qv-enable","12":"open-woo-hover-","13":"open-single-product-tab-horizontal","14":"open-shadow-","15":"open-shadow-hover-","17":"first","18":"instock","19":"shipping-taxable","20":"purchasable","21":"product-type-variable"},"jetpack_sharing_enabled":true,"_links":{"self":[{"href":"https:\/\/www.deporteseli.com\/index.php?rest_route=\/wp\/v2\/product\/42167","targetHints":{"allow":["GET"]}}],"collection":[{"href":"https:\/\/www.deporteseli.com\/index.php?rest_route=\/wp\/v2\/product"}],"about":[{"href":"https:\/\/www.deporteseli.com\/index.php?rest_route=\/wp\/v2\/types\/product"}],"wp:featuredmedia":[{"embeddable":true,"href":"https:\/\/www.deporteseli.com\/index.php?rest_route=\/wp\/v2\/media\/55717"}],"wp:attachment":[{"href":"https:\/\/www.deporteseli.com\/index.php?rest_route=%2Fwp%2Fv2%2Fmedia&parent=42167"}],"wp:term":[{"taxonomy":"product_brand","embeddable":true,"href":"https:\/\/www.deporteseli.com\/index.php?rest_route=%2Fwp%2Fv2%2Fproduct_brand&post=42167"},{"taxonomy":"product_cat","embeddable":true,"href":"https:\/\/www.deporteseli.com\/index.php?rest_route=%2Fwp%2Fv2%2Fproduct_cat&post=42167"},{"taxonomy":"product_tag","embeddable":true,"href":"https:\/\/www.deporteseli.com\/index.php?rest_route=%2Fwp%2Fv2%2Fproduct_tag&post=42167"}],"curies":[{"name":"wp","href":"https:\/\/api.w.org\/{rel}","templated":true}]}}